{"id":708616,"date":"2024-10-15T16:45:03","date_gmt":"2024-10-15T14:45:03","guid":{"rendered":"https:\/\/streetmarkets.fr\/app\/produit\/nouveau-echarpe-en-mohair-magnolia-pomandere\/"},"modified":"2025-02-26T01:02:34","modified_gmt":"2025-02-26T00:02:34","slug":"nouveau-echarpe-en-mohair-magnolia-pomandere","status":"publish","type":"product","link":"https:\/\/streetmarkets.fr\/app\/produit\/nouveau-echarpe-en-mohair-magnolia-pomandere\/","title":{"rendered":"POMAND\u00c8RE \u00c9charpe en mohair Magnolia -30%"},"content":{"rendered":"<p class=\"\">\u00c9charpe en mohair douce et chaude dans une teinte lumineuse, Magnolia. Longueur pli\u00e9e en deux : 120cm, largeur : 26cm<\/p>\n<p class=\"\">D\u00e9tail : 82% mohair, 16% polyesther, 2% \u00e9lasthanne<\/p>\n","protected":false},"excerpt":{"rendered":"<p>\u00c9charpe en mohair douce et chaude dans une teinte lumineuse, Magnolia. Longueur pli\u00e9e en deux : 120cm, largeur : 26cm D\u00e9tail : 82% mohair, 16% polyesther, 2% \u00e9lasthanne<\/p>\n","protected":false},"featured_media":708617,"comment_status":"open","ping_status":"closed","template":"","meta":[],"product_brand":[],"product_cat":[1756,1764],"product_tag":[2244],"acf":[],"_links":{"self":[{"href":"https:\/\/streetmarkets.fr\/app\/wp-json\/wp\/v2\/product\/708616"}],"collection":[{"href":"https:\/\/streetmarkets.fr\/app\/wp-json\/wp\/v2\/product"}],"about":[{"href":"https:\/\/streetmarkets.fr\/app\/wp-json\/wp\/v2\/types\/product"}],"replies":[{"embeddable":true,"href":"https:\/\/streetmarkets.fr\/app\/wp-json\/wp\/v2\/comments?post=708616"}],"wp:featuredmedia":[{"embeddable":true,"href":"https:\/\/streetmarkets.fr\/app\/wp-json\/wp\/v2\/media\/708617"}],"wp:attachment":[{"href":"https:\/\/streetmarkets.fr\/app\/wp-json\/wp\/v2\/media?parent=708616"}],"wp:term":[{"taxonomy":"product_brand","embeddable":true,"href":"https:\/\/streetmarkets.fr\/app\/wp-json\/wp\/v2\/product_brand?post=708616"},{"taxonomy":"product_cat","embeddable":true,"href":"https:\/\/streetmarkets.fr\/app\/wp-json\/wp\/v2\/product_cat?post=708616"},{"taxonomy":"product_tag","embeddable":true,"href":"https:\/\/streetmarkets.fr\/app\/wp-json\/wp\/v2\/product_tag?post=708616"}],"curies":[{"name":"wp","href":"https:\/\/api.w.org\/{rel}","templated":true}]}}