{"id":708613,"date":"2024-10-15T16:45:03","date_gmt":"2024-10-15T14:45:03","guid":{"rendered":"https:\/\/streetmarkets.fr\/app\/produit\/nouveau-echarpe-en-laine-iris-pomandere\/"},"modified":"2025-06-21T02:04:27","modified_gmt":"2025-06-21T00:04:27","slug":"nouveau-echarpe-en-laine-iris-pomandere","status":"publish","type":"product","link":"https:\/\/streetmarkets.fr\/app\/produit\/nouveau-echarpe-en-laine-iris-pomandere\/","title":{"rendered":"Nouveau ! POMAND\u00c8RE \u00c9charpe en laine Iris"},"content":{"rendered":"<p class=\"\">\u00c9charpe en laine douce et chaude dans une teinte lumineuse, Iris. Longueur pli\u00e9e en deux 120cm, largeur 30cm. <\/p>\n<p class=\"\">D\u00e9tail : 100% laine <\/p>\n","protected":false},"excerpt":{"rendered":"<p>\u00c9charpe en laine douce et chaude dans une teinte lumineuse, Iris. Longueur pli\u00e9e en deux 120cm, largeur 30cm. D\u00e9tail : 100% laine<\/p>\n","protected":false},"featured_media":708614,"comment_status":"open","ping_status":"closed","template":"","meta":[],"product_brand":[],"product_cat":[1756,1764],"product_tag":[2244],"acf":[],"_links":{"self":[{"href":"https:\/\/streetmarkets.fr\/app\/wp-json\/wp\/v2\/product\/708613"}],"collection":[{"href":"https:\/\/streetmarkets.fr\/app\/wp-json\/wp\/v2\/product"}],"about":[{"href":"https:\/\/streetmarkets.fr\/app\/wp-json\/wp\/v2\/types\/product"}],"replies":[{"embeddable":true,"href":"https:\/\/streetmarkets.fr\/app\/wp-json\/wp\/v2\/comments?post=708613"}],"wp:featuredmedia":[{"embeddable":true,"href":"https:\/\/streetmarkets.fr\/app\/wp-json\/wp\/v2\/media\/708614"}],"wp:attachment":[{"href":"https:\/\/streetmarkets.fr\/app\/wp-json\/wp\/v2\/media?parent=708613"}],"wp:term":[{"taxonomy":"product_brand","embeddable":true,"href":"https:\/\/streetmarkets.fr\/app\/wp-json\/wp\/v2\/product_brand?post=708613"},{"taxonomy":"product_cat","embeddable":true,"href":"https:\/\/streetmarkets.fr\/app\/wp-json\/wp\/v2\/product_cat?post=708613"},{"taxonomy":"product_tag","embeddable":true,"href":"https:\/\/streetmarkets.fr\/app\/wp-json\/wp\/v2\/product_tag?post=708613"}],"curies":[{"name":"wp","href":"https:\/\/api.w.org\/{rel}","templated":true}]}}