{"id":708604,"date":"2024-10-15T16:45:02","date_gmt":"2024-10-15T14:45:02","guid":{"rendered":"https:\/\/streetmarkets.fr\/app\/produit\/sandales-big-ring-tan-dragon-diffusion-30\/"},"modified":"2024-10-30T01:03:45","modified_gmt":"2024-10-30T00:03:45","slug":"sandales-big-ring-tan-dragon-diffusion-30","status":"publish","type":"product","link":"https:\/\/streetmarkets.fr\/app\/produit\/sandales-big-ring-tan-dragon-diffusion-30\/","title":{"rendered":"Sandales Big Ring Tan DRAGON DIFFUSION -30%"},"content":{"rendered":"<p class=\"\">Les sandales Big Ring, en cuir tress\u00e9 main, couleur Tan. Elles sont l\u00e9g\u00e8res et confortables, \u00e9l\u00e9gantes et d\u00e9contract\u00e9es. <\/p>\n<p class=\"\">D\u00e9tail : 100% cuir de veau, ce produit est une fabrication artisanale et non industriel, il permet la pr\u00e9servation de savoir-faire ancestraux et le respect de tout ceux qui participent \u00e0 sa fabrication.<\/p>\n","protected":false},"excerpt":{"rendered":"<p>Les sandales Big Ring, en cuir tress\u00e9 main, couleur Tan. Elles sont l\u00e9g\u00e8res et confortables, \u00e9l\u00e9gantes et d\u00e9contract\u00e9es. D\u00e9tail : 100% cuir de veau, ce produit est une fabrication artisanale et non industriel, il permet la pr\u00e9servation de savoir-faire ancestraux et le respect de tout ceux qui participent \u00e0 sa fabrication.<\/p>\n","protected":false},"featured_media":708605,"comment_status":"open","ping_status":"closed","template":"","meta":[],"product_brand":[],"product_cat":[1756,1763],"product_tag":[2244],"acf":[],"_links":{"self":[{"href":"https:\/\/streetmarkets.fr\/app\/wp-json\/wp\/v2\/product\/708604"}],"collection":[{"href":"https:\/\/streetmarkets.fr\/app\/wp-json\/wp\/v2\/product"}],"about":[{"href":"https:\/\/streetmarkets.fr\/app\/wp-json\/wp\/v2\/types\/product"}],"replies":[{"embeddable":true,"href":"https:\/\/streetmarkets.fr\/app\/wp-json\/wp\/v2\/comments?post=708604"}],"wp:featuredmedia":[{"embeddable":true,"href":"https:\/\/streetmarkets.fr\/app\/wp-json\/wp\/v2\/media\/708605"}],"wp:attachment":[{"href":"https:\/\/streetmarkets.fr\/app\/wp-json\/wp\/v2\/media?parent=708604"}],"wp:term":[{"taxonomy":"product_brand","embeddable":true,"href":"https:\/\/streetmarkets.fr\/app\/wp-json\/wp\/v2\/product_brand?post=708604"},{"taxonomy":"product_cat","embeddable":true,"href":"https:\/\/streetmarkets.fr\/app\/wp-json\/wp\/v2\/product_cat?post=708604"},{"taxonomy":"product_tag","embeddable":true,"href":"https:\/\/streetmarkets.fr\/app\/wp-json\/wp\/v2\/product_tag?post=708604"}],"curies":[{"name":"wp","href":"https:\/\/api.w.org\/{rel}","templated":true}]}}