{"id":708600,"date":"2024-10-15T16:45:01","date_gmt":"2024-10-15T14:45:01","guid":{"rendered":"https:\/\/streetmarkets.fr\/app\/produit\/sac-medium-city-bag-tan-dragon-diffusion\/"},"modified":"2024-12-21T01:02:50","modified_gmt":"2024-12-21T00:02:50","slug":"sac-medium-city-bag-tan-dragon-diffusion","status":"publish","type":"product","link":"https:\/\/streetmarkets.fr\/app\/produit\/sac-medium-city-bag-tan-dragon-diffusion\/","title":{"rendered":"Nouveau ! DRAGON DIFFUSION Sac M\u00e9dium City Bag Tan"},"content":{"rendered":"<p class=\"\">Le sac M\u00e9dium City Bag de Dragon Diffusion, sac port\u00e9 bandouli\u00e8re ou \u00e9paule en cuir tress\u00e9, couleur Tan, enti\u00e8rement r\u00e9alis\u00e9 \u00e0 la main, une petite m\u00e9daille Saint Christophe est cousue \u00e0 la main \u00e0 l\u2019int\u00e9rieur de chaque sac, gage d\u2019authenticit\u00e9 de la marque. Ses dimensions : 33 x 24 x 10cm, si la bandouli\u00e8re est trop longue il suffit de faire un noeud, le rabat se referme par une languette.<\/p>\n<p class=\"\">D\u00e9tail : 100% cuir de veau, ce produit est une fabrication artisanale et non industriel, il permet la pr\u00e9servation de savoir-faire ancestraux et le respect de tout ceux qui participent \u00e0 sa fabrication.<\/p>\n","protected":false},"excerpt":{"rendered":"<p>Le sac M\u00e9dium City Bag de Dragon Diffusion, sac port\u00e9 bandouli\u00e8re ou \u00e9paule en cuir tress\u00e9, couleur Tan, enti\u00e8rement r\u00e9alis\u00e9 \u00e0 la main, une petite m\u00e9daille Saint Christophe est cousue \u00e0 la main \u00e0 l\u2019int\u00e9rieur de chaque sac, gage d\u2019authenticit\u00e9 de la marque. Ses dimensions : 33 x 24 x 10cm, si la bandouli\u00e8re est [&hellip;]<\/p>\n","protected":false},"featured_media":708601,"comment_status":"open","ping_status":"closed","template":"","meta":[],"product_brand":[],"product_cat":[1756,1764],"product_tag":[2244],"acf":[],"_links":{"self":[{"href":"https:\/\/streetmarkets.fr\/app\/wp-json\/wp\/v2\/product\/708600"}],"collection":[{"href":"https:\/\/streetmarkets.fr\/app\/wp-json\/wp\/v2\/product"}],"about":[{"href":"https:\/\/streetmarkets.fr\/app\/wp-json\/wp\/v2\/types\/product"}],"replies":[{"embeddable":true,"href":"https:\/\/streetmarkets.fr\/app\/wp-json\/wp\/v2\/comments?post=708600"}],"wp:featuredmedia":[{"embeddable":true,"href":"https:\/\/streetmarkets.fr\/app\/wp-json\/wp\/v2\/media\/708601"}],"wp:attachment":[{"href":"https:\/\/streetmarkets.fr\/app\/wp-json\/wp\/v2\/media?parent=708600"}],"wp:term":[{"taxonomy":"product_brand","embeddable":true,"href":"https:\/\/streetmarkets.fr\/app\/wp-json\/wp\/v2\/product_brand?post=708600"},{"taxonomy":"product_cat","embeddable":true,"href":"https:\/\/streetmarkets.fr\/app\/wp-json\/wp\/v2\/product_cat?post=708600"},{"taxonomy":"product_tag","embeddable":true,"href":"https:\/\/streetmarkets.fr\/app\/wp-json\/wp\/v2\/product_tag?post=708600"}],"curies":[{"name":"wp","href":"https:\/\/api.w.org\/{rel}","templated":true}]}}