{"id":708554,"date":"2024-10-15T16:44:59","date_gmt":"2024-10-15T14:44:59","guid":{"rendered":"https:\/\/streetmarkets.fr\/app\/produit\/sac-santa-croce-small-tan-dragon-diffusion\/"},"modified":"2024-12-21T01:02:48","modified_gmt":"2024-12-21T00:02:48","slug":"sac-santa-croce-small-tan-dragon-diffusion","status":"publish","type":"product","link":"https:\/\/streetmarkets.fr\/app\/produit\/sac-santa-croce-small-tan-dragon-diffusion\/","title":{"rendered":"Nouveau ! DRAGON DIFFUSION Sac Santa Croce Small Tan"},"content":{"rendered":"<p class=\"\">Le sac Santa Croce Small, sac port\u00e9 \u00e9paule ou main en cuir tress\u00e9, couleur Tan, enti\u00e8rement r\u00e9alis\u00e9 \u00e0 la main, une petite m\u00e9daille Saint Christophe est cousue \u00e0 la main \u00e0 l\u2019int\u00e9rieur de chaque sac, gage d\u2019authenticit\u00e9 de la marque. Ses dimensions : 32 x 17 x 10cm<\/p>\n<p class=\"\">D\u00e9tail : 100% cuir de veau, ce produit est une fabrication artisanale et non industriel, il permet la pr\u00e9servation de savoir-faire ancestraux et le respect de tout ceux qui participent \u00e0 sa fabrication. <\/p>\n","protected":false},"excerpt":{"rendered":"<p>Le sac Santa Croce Small, sac port\u00e9 \u00e9paule ou main en cuir tress\u00e9, couleur Tan, enti\u00e8rement r\u00e9alis\u00e9 \u00e0 la main, une petite m\u00e9daille Saint Christophe est cousue \u00e0 la main \u00e0 l\u2019int\u00e9rieur de chaque sac, gage d\u2019authenticit\u00e9 de la marque. Ses dimensions : 32 x 17 x 10cm D\u00e9tail : 100% cuir de veau, ce [&hellip;]<\/p>\n","protected":false},"featured_media":708555,"comment_status":"open","ping_status":"closed","template":"","meta":[],"product_brand":[],"product_cat":[1756,1764],"product_tag":[2244],"acf":[],"_links":{"self":[{"href":"https:\/\/streetmarkets.fr\/app\/wp-json\/wp\/v2\/product\/708554"}],"collection":[{"href":"https:\/\/streetmarkets.fr\/app\/wp-json\/wp\/v2\/product"}],"about":[{"href":"https:\/\/streetmarkets.fr\/app\/wp-json\/wp\/v2\/types\/product"}],"replies":[{"embeddable":true,"href":"https:\/\/streetmarkets.fr\/app\/wp-json\/wp\/v2\/comments?post=708554"}],"wp:featuredmedia":[{"embeddable":true,"href":"https:\/\/streetmarkets.fr\/app\/wp-json\/wp\/v2\/media\/708555"}],"wp:attachment":[{"href":"https:\/\/streetmarkets.fr\/app\/wp-json\/wp\/v2\/media?parent=708554"}],"wp:term":[{"taxonomy":"product_brand","embeddable":true,"href":"https:\/\/streetmarkets.fr\/app\/wp-json\/wp\/v2\/product_brand?post=708554"},{"taxonomy":"product_cat","embeddable":true,"href":"https:\/\/streetmarkets.fr\/app\/wp-json\/wp\/v2\/product_cat?post=708554"},{"taxonomy":"product_tag","embeddable":true,"href":"https:\/\/streetmarkets.fr\/app\/wp-json\/wp\/v2\/product_tag?post=708554"}],"curies":[{"name":"wp","href":"https:\/\/api.w.org\/{rel}","templated":true}]}}