{"id":708540,"date":"2024-10-15T16:44:26","date_gmt":"2024-10-15T14:44:26","guid":{"rendered":"https:\/\/streetmarkets.fr\/app\/produit\/robe-ikat-bleu-virginie-de-vinster-50\/"},"modified":"2026-05-09T02:03:15","modified_gmt":"2026-05-09T00:03:15","slug":"robe-ikat-bleu-virginie-de-vinster-50","status":"publish","type":"product","link":"https:\/\/streetmarkets.fr\/app\/produit\/robe-ikat-bleu-virginie-de-vinster-50\/","title":{"rendered":"VIRGINIE DE VINSTER Robe Ikat Bleu -50%"},"content":{"rendered":"<p class=\"\">Robe en coton coupe ample, boutonn\u00e9e sur le devant avec un volant, manches longues, poignets resserr\u00e9s, emmanchure large. Peut se porter ample ou ceintur\u00e9e. \u00c9galement disponible en cr\u00e8me et rose. <\/p>\n<p class=\"\">D\u00e9tail : 100% coton<\/p>\n","protected":false},"excerpt":{"rendered":"<p>Robe en coton coupe ample, boutonn\u00e9e sur le devant avec un volant, manches longues, poignets resserr\u00e9s, emmanchure large. Peut se porter ample ou ceintur\u00e9e. \u00c9galement disponible en cr\u00e8me et rose. D\u00e9tail : 100% coton<\/p>\n","protected":false},"featured_media":708541,"comment_status":"open","ping_status":"closed","template":"","meta":[],"product_brand":[],"product_cat":[1756,1758],"product_tag":[2244],"acf":[],"_links":{"self":[{"href":"https:\/\/streetmarkets.fr\/app\/wp-json\/wp\/v2\/product\/708540"}],"collection":[{"href":"https:\/\/streetmarkets.fr\/app\/wp-json\/wp\/v2\/product"}],"about":[{"href":"https:\/\/streetmarkets.fr\/app\/wp-json\/wp\/v2\/types\/product"}],"replies":[{"embeddable":true,"href":"https:\/\/streetmarkets.fr\/app\/wp-json\/wp\/v2\/comments?post=708540"}],"wp:featuredmedia":[{"embeddable":true,"href":"https:\/\/streetmarkets.fr\/app\/wp-json\/wp\/v2\/media\/708541"}],"wp:attachment":[{"href":"https:\/\/streetmarkets.fr\/app\/wp-json\/wp\/v2\/media?parent=708540"}],"wp:term":[{"taxonomy":"product_brand","embeddable":true,"href":"https:\/\/streetmarkets.fr\/app\/wp-json\/wp\/v2\/product_brand?post=708540"},{"taxonomy":"product_cat","embeddable":true,"href":"https:\/\/streetmarkets.fr\/app\/wp-json\/wp\/v2\/product_cat?post=708540"},{"taxonomy":"product_tag","embeddable":true,"href":"https:\/\/streetmarkets.fr\/app\/wp-json\/wp\/v2\/product_tag?post=708540"}],"curies":[{"name":"wp","href":"https:\/\/api.w.org\/{rel}","templated":true}]}}