{"id":708522,"date":"2024-10-15T16:44:24","date_gmt":"2024-10-15T14:44:24","guid":{"rendered":"https:\/\/streetmarkets.fr\/app\/produit\/jupe-en-soie-floral-blush-pomandere-60\/"},"modified":"2026-01-21T01:04:08","modified_gmt":"2026-01-21T00:04:08","slug":"jupe-en-soie-floral-blush-pomandere-60","status":"publish","type":"product","link":"https:\/\/streetmarkets.fr\/app\/produit\/jupe-en-soie-floral-blush-pomandere-60\/","title":{"rendered":"POMAND\u00c8RE Jupe en Soie Floral Blush -60%"},"content":{"rendered":"<p class=\"\">Jupe longue en soie imprim\u00e9 Floral, coupe ample, pliss\u00e9e sur toute la hauteur avec ouverture boutonn\u00e9e dans le dos. <\/p>\n<p class=\"\">D\u00e9tail : 100% soie<\/p>\n","protected":false},"excerpt":{"rendered":"<p>Jupe longue en soie imprim\u00e9 Floral, coupe ample, pliss\u00e9e sur toute la hauteur avec ouverture boutonn\u00e9e dans le dos. D\u00e9tail : 100% soie<\/p>\n","protected":false},"featured_media":708523,"comment_status":"open","ping_status":"closed","template":"","meta":[],"product_brand":[],"product_cat":[1756,1758],"product_tag":[2244],"acf":[],"_links":{"self":[{"href":"https:\/\/streetmarkets.fr\/app\/wp-json\/wp\/v2\/product\/708522"}],"collection":[{"href":"https:\/\/streetmarkets.fr\/app\/wp-json\/wp\/v2\/product"}],"about":[{"href":"https:\/\/streetmarkets.fr\/app\/wp-json\/wp\/v2\/types\/product"}],"replies":[{"embeddable":true,"href":"https:\/\/streetmarkets.fr\/app\/wp-json\/wp\/v2\/comments?post=708522"}],"wp:featuredmedia":[{"embeddable":true,"href":"https:\/\/streetmarkets.fr\/app\/wp-json\/wp\/v2\/media\/708523"}],"wp:attachment":[{"href":"https:\/\/streetmarkets.fr\/app\/wp-json\/wp\/v2\/media?parent=708522"}],"wp:term":[{"taxonomy":"product_brand","embeddable":true,"href":"https:\/\/streetmarkets.fr\/app\/wp-json\/wp\/v2\/product_brand?post=708522"},{"taxonomy":"product_cat","embeddable":true,"href":"https:\/\/streetmarkets.fr\/app\/wp-json\/wp\/v2\/product_cat?post=708522"},{"taxonomy":"product_tag","embeddable":true,"href":"https:\/\/streetmarkets.fr\/app\/wp-json\/wp\/v2\/product_tag?post=708522"}],"curies":[{"name":"wp","href":"https:\/\/api.w.org\/{rel}","templated":true}]}}