{"id":708515,"date":"2024-10-15T16:44:24","date_gmt":"2024-10-15T14:44:24","guid":{"rendered":"https:\/\/streetmarkets.fr\/app\/produit\/blouse-en-soie-floral-blush-pomandere-60\/"},"modified":"2026-01-21T01:04:08","modified_gmt":"2026-01-21T00:04:08","slug":"blouse-en-soie-floral-blush-pomandere-60","status":"publish","type":"product","link":"https:\/\/streetmarkets.fr\/app\/produit\/blouse-en-soie-floral-blush-pomandere-60\/","title":{"rendered":"POMAND\u00c8RE Blouse en Soie Floral Blush -60%"},"content":{"rendered":"<p class=\"\">Blouse en soie imprim\u00e9 Floral, coupe ample, manches 3\/4 et poignets resserr\u00e9s. Encolure arrondie avec ouverture boutonn\u00e9e. <\/p>\n<p class=\"\">D\u00e9tail : 100% soie<\/p>\n","protected":false},"excerpt":{"rendered":"<p>Blouse en soie imprim\u00e9 Floral, coupe ample, manches 3\/4 et poignets resserr\u00e9s. Encolure arrondie avec ouverture boutonn\u00e9e. D\u00e9tail : 100% soie<\/p>\n","protected":false},"featured_media":708516,"comment_status":"open","ping_status":"closed","template":"","meta":[],"product_brand":[],"product_cat":[1756,1758],"product_tag":[2244],"acf":[],"_links":{"self":[{"href":"https:\/\/streetmarkets.fr\/app\/wp-json\/wp\/v2\/product\/708515"}],"collection":[{"href":"https:\/\/streetmarkets.fr\/app\/wp-json\/wp\/v2\/product"}],"about":[{"href":"https:\/\/streetmarkets.fr\/app\/wp-json\/wp\/v2\/types\/product"}],"replies":[{"embeddable":true,"href":"https:\/\/streetmarkets.fr\/app\/wp-json\/wp\/v2\/comments?post=708515"}],"wp:featuredmedia":[{"embeddable":true,"href":"https:\/\/streetmarkets.fr\/app\/wp-json\/wp\/v2\/media\/708516"}],"wp:attachment":[{"href":"https:\/\/streetmarkets.fr\/app\/wp-json\/wp\/v2\/media?parent=708515"}],"wp:term":[{"taxonomy":"product_brand","embeddable":true,"href":"https:\/\/streetmarkets.fr\/app\/wp-json\/wp\/v2\/product_brand?post=708515"},{"taxonomy":"product_cat","embeddable":true,"href":"https:\/\/streetmarkets.fr\/app\/wp-json\/wp\/v2\/product_cat?post=708515"},{"taxonomy":"product_tag","embeddable":true,"href":"https:\/\/streetmarkets.fr\/app\/wp-json\/wp\/v2\/product_tag?post=708515"}],"curies":[{"name":"wp","href":"https:\/\/api.w.org\/{rel}","templated":true}]}}