{"id":708506,"date":"2024-10-15T16:44:23","date_gmt":"2024-10-15T14:44:23","guid":{"rendered":"https:\/\/streetmarkets.fr\/app\/produit\/trench-bleu-marine-pomandere-prix-braderie\/"},"modified":"2024-11-04T01:04:24","modified_gmt":"2024-11-04T00:04:24","slug":"trench-bleu-marine-pomandere-prix-braderie","status":"publish","type":"product","link":"https:\/\/streetmarkets.fr\/app\/produit\/trench-bleu-marine-pomandere-prix-braderie\/","title":{"rendered":"Trench Bleu Marine Pomand\u00e8re PRIX BRADERIE"},"content":{"rendered":"<p class=\"\">Trench coupe ample bleu marine avec ceinture en coton noir ( peut se porter avec ou sans la ceinture ), manches longues et droites, deux poches plaqu\u00e9es sur le devant, tr\u00e8s agr\u00e9able pour les beaux jours, confortable et \u00e9l\u00e9gant sur toutes vos tenues. <\/p>\n<p class=\"\">D\u00e9tail : 77% viscose, 33% lin <\/p>\n<p class=\"\">Fabriqu\u00e9 en Italie <\/p>\n","protected":false},"excerpt":{"rendered":"<p>Trench coupe ample bleu marine avec ceinture en coton noir ( peut se porter avec ou sans la ceinture ), manches longues et droites, deux poches plaqu\u00e9es sur le devant, tr\u00e8s agr\u00e9able pour les beaux jours, confortable et \u00e9l\u00e9gant sur toutes vos tenues. D\u00e9tail : 77% viscose, 33% lin Fabriqu\u00e9 en Italie<\/p>\n","protected":false},"featured_media":708507,"comment_status":"open","ping_status":"closed","template":"","meta":[],"product_brand":[],"product_cat":[1756,1758],"product_tag":[2244],"acf":[],"_links":{"self":[{"href":"https:\/\/streetmarkets.fr\/app\/wp-json\/wp\/v2\/product\/708506"}],"collection":[{"href":"https:\/\/streetmarkets.fr\/app\/wp-json\/wp\/v2\/product"}],"about":[{"href":"https:\/\/streetmarkets.fr\/app\/wp-json\/wp\/v2\/types\/product"}],"replies":[{"embeddable":true,"href":"https:\/\/streetmarkets.fr\/app\/wp-json\/wp\/v2\/comments?post=708506"}],"wp:featuredmedia":[{"embeddable":true,"href":"https:\/\/streetmarkets.fr\/app\/wp-json\/wp\/v2\/media\/708507"}],"wp:attachment":[{"href":"https:\/\/streetmarkets.fr\/app\/wp-json\/wp\/v2\/media?parent=708506"}],"wp:term":[{"taxonomy":"product_brand","embeddable":true,"href":"https:\/\/streetmarkets.fr\/app\/wp-json\/wp\/v2\/product_brand?post=708506"},{"taxonomy":"product_cat","embeddable":true,"href":"https:\/\/streetmarkets.fr\/app\/wp-json\/wp\/v2\/product_cat?post=708506"},{"taxonomy":"product_tag","embeddable":true,"href":"https:\/\/streetmarkets.fr\/app\/wp-json\/wp\/v2\/product_tag?post=708506"}],"curies":[{"name":"wp","href":"https:\/\/api.w.org\/{rel}","templated":true}]}}