{"id":708499,"date":"2024-10-15T16:44:23","date_gmt":"2024-10-15T14:44:23","guid":{"rendered":"https:\/\/streetmarkets.fr\/app\/produit\/sac-sceau-bulle-raphia-marine-vanessa-bruno-50\/"},"modified":"2025-02-26T01:02:32","modified_gmt":"2025-02-26T00:02:32","slug":"sac-sceau-bulle-raphia-marine-vanessa-bruno-50","status":"publish","type":"product","link":"https:\/\/streetmarkets.fr\/app\/produit\/sac-sceau-bulle-raphia-marine-vanessa-bruno-50\/","title":{"rendered":"VANESSA BRUNO Sac Sceau Bulle Raphia Marine -50%"},"content":{"rendered":"<p class=\"\">Adorable, le sac Bulle dans sa version sceau :), port\u00e9 \u00e9paule ou cross body, bandouli\u00e8re en cuir ajustable, tout en raphia bi colore naturel et marine, il est doubl\u00e9 coton avec un lien de fermeture coulissant avec une finition pompons. Ses dimensions : hauteur 25 cm, largeur 29 cm et profondeur 17 cm.<\/p>\n<p class=\"\">D\u00e9tail : Raphia enti\u00e8rement r\u00e9alis\u00e9 \u00e0 la main \u00e0 Madagascar, doublure 100% coton, bandouli\u00e8re cuir v\u00e9ritable.<\/p>\n","protected":false},"excerpt":{"rendered":"<p>Adorable, le sac Bulle dans sa version sceau :), port\u00e9 \u00e9paule ou cross body, bandouli\u00e8re en cuir ajustable, tout en raphia bi colore naturel et marine, il est doubl\u00e9 coton avec un lien de fermeture coulissant avec une finition pompons. Ses dimensions : hauteur 25 cm, largeur 29 cm et profondeur 17 cm. D\u00e9tail : [&hellip;]<\/p>\n","protected":false},"featured_media":708500,"comment_status":"open","ping_status":"closed","template":"","meta":[],"product_brand":[],"product_cat":[1756,1764],"product_tag":[2244],"acf":[],"_links":{"self":[{"href":"https:\/\/streetmarkets.fr\/app\/wp-json\/wp\/v2\/product\/708499"}],"collection":[{"href":"https:\/\/streetmarkets.fr\/app\/wp-json\/wp\/v2\/product"}],"about":[{"href":"https:\/\/streetmarkets.fr\/app\/wp-json\/wp\/v2\/types\/product"}],"replies":[{"embeddable":true,"href":"https:\/\/streetmarkets.fr\/app\/wp-json\/wp\/v2\/comments?post=708499"}],"wp:featuredmedia":[{"embeddable":true,"href":"https:\/\/streetmarkets.fr\/app\/wp-json\/wp\/v2\/media\/708500"}],"wp:attachment":[{"href":"https:\/\/streetmarkets.fr\/app\/wp-json\/wp\/v2\/media?parent=708499"}],"wp:term":[{"taxonomy":"product_brand","embeddable":true,"href":"https:\/\/streetmarkets.fr\/app\/wp-json\/wp\/v2\/product_brand?post=708499"},{"taxonomy":"product_cat","embeddable":true,"href":"https:\/\/streetmarkets.fr\/app\/wp-json\/wp\/v2\/product_cat?post=708499"},{"taxonomy":"product_tag","embeddable":true,"href":"https:\/\/streetmarkets.fr\/app\/wp-json\/wp\/v2\/product_tag?post=708499"}],"curies":[{"name":"wp","href":"https:\/\/api.w.org\/{rel}","templated":true}]}}