{"id":708476,"date":"2024-10-15T16:44:21","date_gmt":"2024-10-15T14:44:21","guid":{"rendered":"https:\/\/streetmarkets.fr\/app\/produit\/blouse-hana-ecru-semi-couture-prix-brad\/"},"modified":"2026-05-11T02:02:19","modified_gmt":"2026-05-11T00:02:19","slug":"blouse-hana-ecru-semi-couture-prix-brad","status":"publish","type":"product","link":"https:\/\/streetmarkets.fr\/app\/produit\/blouse-hana-ecru-semi-couture-prix-brad\/","title":{"rendered":"Blouse Hana \u00c9cru Semi Couture PRIX BRAD"},"content":{"rendered":"<p class=\"\">Blouse coupe ample \u00e0 motif floral, boutonn\u00e9e sur le devant par 7 petits boutons. Encolure arrondie, manches longues avec poignets boutonn\u00e9s. Fra\u00eeche et l\u00e9g\u00e8re.<\/p>\n<p class=\"\">D\u00e9tail : 70% viscose, 30% coton<\/p>\n","protected":false},"excerpt":{"rendered":"<p>Blouse coupe ample \u00e0 motif floral, boutonn\u00e9e sur le devant par 7 petits boutons. Encolure arrondie, manches longues avec poignets boutonn\u00e9s. Fra\u00eeche et l\u00e9g\u00e8re. D\u00e9tail : 70% viscose, 30% coton<\/p>\n","protected":false},"featured_media":708477,"comment_status":"open","ping_status":"closed","template":"","meta":[],"product_brand":[],"product_cat":[1756,1758],"product_tag":[2244],"acf":[],"_links":{"self":[{"href":"https:\/\/streetmarkets.fr\/app\/wp-json\/wp\/v2\/product\/708476"}],"collection":[{"href":"https:\/\/streetmarkets.fr\/app\/wp-json\/wp\/v2\/product"}],"about":[{"href":"https:\/\/streetmarkets.fr\/app\/wp-json\/wp\/v2\/types\/product"}],"replies":[{"embeddable":true,"href":"https:\/\/streetmarkets.fr\/app\/wp-json\/wp\/v2\/comments?post=708476"}],"wp:featuredmedia":[{"embeddable":true,"href":"https:\/\/streetmarkets.fr\/app\/wp-json\/wp\/v2\/media\/708477"}],"wp:attachment":[{"href":"https:\/\/streetmarkets.fr\/app\/wp-json\/wp\/v2\/media?parent=708476"}],"wp:term":[{"taxonomy":"product_brand","embeddable":true,"href":"https:\/\/streetmarkets.fr\/app\/wp-json\/wp\/v2\/product_brand?post=708476"},{"taxonomy":"product_cat","embeddable":true,"href":"https:\/\/streetmarkets.fr\/app\/wp-json\/wp\/v2\/product_cat?post=708476"},{"taxonomy":"product_tag","embeddable":true,"href":"https:\/\/streetmarkets.fr\/app\/wp-json\/wp\/v2\/product_tag?post=708476"}],"curies":[{"name":"wp","href":"https:\/\/api.w.org\/{rel}","templated":true}]}}