{"id":708451,"date":"2024-10-15T16:44:19","date_gmt":"2024-10-15T14:44:19","guid":{"rendered":"https:\/\/streetmarkets.fr\/app\/produit\/blouse-emma-blanche-vanessa-bruno-50\/"},"modified":"2026-01-21T01:04:07","modified_gmt":"2026-01-21T00:04:07","slug":"blouse-emma-blanche-vanessa-bruno-50","status":"publish","type":"product","link":"https:\/\/streetmarkets.fr\/app\/produit\/blouse-emma-blanche-vanessa-bruno-50\/","title":{"rendered":"VANESSA BRUNO Blouse Emma Blanche -50%"},"content":{"rendered":"<p class=\"\">Blouse en broderie anglaise en coton coupe ample, manches longues avec poignets boutonn\u00e9s, ouverture en goutte devant ferm\u00e9e par un petit bouton, volant en bordure. <\/p>\n<p class=\"\">D\u00e9tail : 100% coton <\/p>\n","protected":false},"excerpt":{"rendered":"<p>Blouse en broderie anglaise en coton coupe ample, manches longues avec poignets boutonn\u00e9s, ouverture en goutte devant ferm\u00e9e par un petit bouton, volant en bordure. D\u00e9tail : 100% coton<\/p>\n","protected":false},"featured_media":708452,"comment_status":"open","ping_status":"closed","template":"","meta":[],"product_brand":[],"product_cat":[1756,1758],"product_tag":[2244],"acf":[],"_links":{"self":[{"href":"https:\/\/streetmarkets.fr\/app\/wp-json\/wp\/v2\/product\/708451"}],"collection":[{"href":"https:\/\/streetmarkets.fr\/app\/wp-json\/wp\/v2\/product"}],"about":[{"href":"https:\/\/streetmarkets.fr\/app\/wp-json\/wp\/v2\/types\/product"}],"replies":[{"embeddable":true,"href":"https:\/\/streetmarkets.fr\/app\/wp-json\/wp\/v2\/comments?post=708451"}],"wp:featuredmedia":[{"embeddable":true,"href":"https:\/\/streetmarkets.fr\/app\/wp-json\/wp\/v2\/media\/708452"}],"wp:attachment":[{"href":"https:\/\/streetmarkets.fr\/app\/wp-json\/wp\/v2\/media?parent=708451"}],"wp:term":[{"taxonomy":"product_brand","embeddable":true,"href":"https:\/\/streetmarkets.fr\/app\/wp-json\/wp\/v2\/product_brand?post=708451"},{"taxonomy":"product_cat","embeddable":true,"href":"https:\/\/streetmarkets.fr\/app\/wp-json\/wp\/v2\/product_cat?post=708451"},{"taxonomy":"product_tag","embeddable":true,"href":"https:\/\/streetmarkets.fr\/app\/wp-json\/wp\/v2\/product_tag?post=708451"}],"curies":[{"name":"wp","href":"https:\/\/api.w.org\/{rel}","templated":true}]}}