{"id":708445,"date":"2024-10-15T16:44:19","date_gmt":"2024-10-15T14:44:19","guid":{"rendered":"https:\/\/streetmarkets.fr\/app\/produit\/top-bea-floral-cerise-vanessa-bruno-60\/"},"modified":"2026-01-21T01:04:07","modified_gmt":"2026-01-21T00:04:07","slug":"top-bea-floral-cerise-vanessa-bruno-60","status":"publish","type":"product","link":"https:\/\/streetmarkets.fr\/app\/produit\/top-bea-floral-cerise-vanessa-bruno-60\/","title":{"rendered":"VANESSA BRUNO Top Bea Floral Cerise -60%"},"content":{"rendered":"<p class=\"\">Top en coton brod\u00e9 ton sur ton motif floral coupe ample, volants sur les \u00e9paules avec petits galons dentelle en bordure. Encolure carr\u00e9e avec d\u00e9tail de galon de dentelle en bordure. Top \u00e0 enfiler.<\/p>\n<p class=\"\">D\u00e9tail : 100% coton<\/p>\n","protected":false},"excerpt":{"rendered":"<p>Top en coton brod\u00e9 ton sur ton motif floral coupe ample, volants sur les \u00e9paules avec petits galons dentelle en bordure. Encolure carr\u00e9e avec d\u00e9tail de galon de dentelle en bordure. Top \u00e0 enfiler. D\u00e9tail : 100% coton<\/p>\n","protected":false},"featured_media":708446,"comment_status":"open","ping_status":"closed","template":"","meta":[],"product_brand":[],"product_cat":[1756,1758],"product_tag":[2244],"acf":[],"_links":{"self":[{"href":"https:\/\/streetmarkets.fr\/app\/wp-json\/wp\/v2\/product\/708445"}],"collection":[{"href":"https:\/\/streetmarkets.fr\/app\/wp-json\/wp\/v2\/product"}],"about":[{"href":"https:\/\/streetmarkets.fr\/app\/wp-json\/wp\/v2\/types\/product"}],"replies":[{"embeddable":true,"href":"https:\/\/streetmarkets.fr\/app\/wp-json\/wp\/v2\/comments?post=708445"}],"wp:featuredmedia":[{"embeddable":true,"href":"https:\/\/streetmarkets.fr\/app\/wp-json\/wp\/v2\/media\/708446"}],"wp:attachment":[{"href":"https:\/\/streetmarkets.fr\/app\/wp-json\/wp\/v2\/media?parent=708445"}],"wp:term":[{"taxonomy":"product_brand","embeddable":true,"href":"https:\/\/streetmarkets.fr\/app\/wp-json\/wp\/v2\/product_brand?post=708445"},{"taxonomy":"product_cat","embeddable":true,"href":"https:\/\/streetmarkets.fr\/app\/wp-json\/wp\/v2\/product_cat?post=708445"},{"taxonomy":"product_tag","embeddable":true,"href":"https:\/\/streetmarkets.fr\/app\/wp-json\/wp\/v2\/product_tag?post=708445"}],"curies":[{"name":"wp","href":"https:\/\/api.w.org\/{rel}","templated":true}]}}