{"id":708436,"date":"2024-10-15T16:44:18","date_gmt":"2024-10-15T14:44:18","guid":{"rendered":"https:\/\/streetmarkets.fr\/app\/produit\/jeans-white-trompette-semi-couture-prix-braderie\/"},"modified":"2026-05-06T02:02:15","modified_gmt":"2026-05-06T00:02:15","slug":"jeans-white-trompette-semi-couture-prix-braderie","status":"publish","type":"product","link":"https:\/\/streetmarkets.fr\/app\/produit\/jeans-white-trompette-semi-couture-prix-braderie\/","title":{"rendered":"Jeans White Trompette Semi Couture PRIX BRADERIE"},"content":{"rendered":"<p class=\"\">Jean en coton coupe taille haute et jambe 7\/8 en finition trompette et bords vif. Ouverture classique zip et bouton sur le devant. Deux poches lat\u00e9rales et deux poches plaqu\u00e9es dans le dos. \u00c9galement disponible en Washed Blue.<\/p>\n<p class=\"\">D\u00e9tail : 98% coton et 2% \u00e9lasthane<\/p>\n<p class=\"\">Fabriqu\u00e9 en Italie<\/p>\n","protected":false},"excerpt":{"rendered":"<p>Jean en coton coupe taille haute et jambe 7\/8 en finition trompette et bords vif. Ouverture classique zip et bouton sur le devant. Deux poches lat\u00e9rales et deux poches plaqu\u00e9es dans le dos. \u00c9galement disponible en Washed Blue. D\u00e9tail : 98% coton et 2% \u00e9lasthane Fabriqu\u00e9 en Italie<\/p>\n","protected":false},"featured_media":708437,"comment_status":"open","ping_status":"closed","template":"","meta":[],"product_brand":[],"product_cat":[1756,1758],"product_tag":[2244],"acf":[],"_links":{"self":[{"href":"https:\/\/streetmarkets.fr\/app\/wp-json\/wp\/v2\/product\/708436"}],"collection":[{"href":"https:\/\/streetmarkets.fr\/app\/wp-json\/wp\/v2\/product"}],"about":[{"href":"https:\/\/streetmarkets.fr\/app\/wp-json\/wp\/v2\/types\/product"}],"replies":[{"embeddable":true,"href":"https:\/\/streetmarkets.fr\/app\/wp-json\/wp\/v2\/comments?post=708436"}],"wp:featuredmedia":[{"embeddable":true,"href":"https:\/\/streetmarkets.fr\/app\/wp-json\/wp\/v2\/media\/708437"}],"wp:attachment":[{"href":"https:\/\/streetmarkets.fr\/app\/wp-json\/wp\/v2\/media?parent=708436"}],"wp:term":[{"taxonomy":"product_brand","embeddable":true,"href":"https:\/\/streetmarkets.fr\/app\/wp-json\/wp\/v2\/product_brand?post=708436"},{"taxonomy":"product_cat","embeddable":true,"href":"https:\/\/streetmarkets.fr\/app\/wp-json\/wp\/v2\/product_cat?post=708436"},{"taxonomy":"product_tag","embeddable":true,"href":"https:\/\/streetmarkets.fr\/app\/wp-json\/wp\/v2\/product_tag?post=708436"}],"curies":[{"name":"wp","href":"https:\/\/api.w.org\/{rel}","templated":true}]}}