{"id":708415,"date":"2024-10-15T16:44:17","date_gmt":"2024-10-15T14:44:17","guid":{"rendered":"https:\/\/streetmarkets.fr\/app\/produit\/blouse-rose-poudre-pomandere\/"},"modified":"2026-05-09T02:02:31","modified_gmt":"2026-05-09T00:02:31","slug":"blouse-rose-poudre-pomandere","status":"publish","type":"product","link":"https:\/\/streetmarkets.fr\/app\/produit\/blouse-rose-poudre-pomandere\/","title":{"rendered":"Blouse Rose Poudre, Pomand\u00e8re"},"content":{"rendered":"<p class=\"\">Blouse en coton et laine rose poudre, col rond ( mandarin ), coupe ample, boutonn\u00e9e sur toute la hauteur devant, tissu touch\u00e9 dos avec effet l\u00e9g\u00e8rement froiss\u00e9. Petites fronces au col et dans le dos. Douceur, \u00e9l\u00e9gance et l\u00e9g\u00e8ret\u00e9.<\/p>\n<p class=\"\">D\u00e9tail : 85% coton, 15% laine<\/p>\n<p class=\"\">Toutes les collections Pomand\u00e8re sont fabriqu\u00e9es en Italie<\/p>\n","protected":false},"excerpt":{"rendered":"<p>Blouse en coton et laine rose poudre, col rond ( mandarin ), coupe ample, boutonn\u00e9e sur toute la hauteur devant, tissu touch\u00e9 dos avec effet l\u00e9g\u00e8rement froiss\u00e9. Petites fronces au col et dans le dos. Douceur, \u00e9l\u00e9gance et l\u00e9g\u00e8ret\u00e9. D\u00e9tail : 85% coton, 15% laine Toutes les collections Pomand\u00e8re sont fabriqu\u00e9es en Italie<\/p>\n","protected":false},"featured_media":708416,"comment_status":"open","ping_status":"closed","template":"","meta":[],"product_brand":[],"product_cat":[1756,1758],"product_tag":[2244],"acf":[],"_links":{"self":[{"href":"https:\/\/streetmarkets.fr\/app\/wp-json\/wp\/v2\/product\/708415"}],"collection":[{"href":"https:\/\/streetmarkets.fr\/app\/wp-json\/wp\/v2\/product"}],"about":[{"href":"https:\/\/streetmarkets.fr\/app\/wp-json\/wp\/v2\/types\/product"}],"replies":[{"embeddable":true,"href":"https:\/\/streetmarkets.fr\/app\/wp-json\/wp\/v2\/comments?post=708415"}],"wp:featuredmedia":[{"embeddable":true,"href":"https:\/\/streetmarkets.fr\/app\/wp-json\/wp\/v2\/media\/708416"}],"wp:attachment":[{"href":"https:\/\/streetmarkets.fr\/app\/wp-json\/wp\/v2\/media?parent=708415"}],"wp:term":[{"taxonomy":"product_brand","embeddable":true,"href":"https:\/\/streetmarkets.fr\/app\/wp-json\/wp\/v2\/product_brand?post=708415"},{"taxonomy":"product_cat","embeddable":true,"href":"https:\/\/streetmarkets.fr\/app\/wp-json\/wp\/v2\/product_cat?post=708415"},{"taxonomy":"product_tag","embeddable":true,"href":"https:\/\/streetmarkets.fr\/app\/wp-json\/wp\/v2\/product_tag?post=708415"}],"curies":[{"name":"wp","href":"https:\/\/api.w.org\/{rel}","templated":true}]}}