{"id":708398,"date":"2024-10-15T16:44:16","date_gmt":"2024-10-15T14:44:16","guid":{"rendered":"https:\/\/streetmarkets.fr\/app\/produit\/sac-cabas-bbc-soft-blue-bobo-choses\/"},"modified":"2026-04-22T02:02:20","modified_gmt":"2026-04-22T00:02:20","slug":"sac-cabas-bbc-soft-blue-bobo-choses","status":"publish","type":"product","link":"https:\/\/streetmarkets.fr\/app\/produit\/sac-cabas-bbc-soft-blue-bobo-choses\/","title":{"rendered":"Sac Cabas BBC Soft Blue, Bobo Choses"},"content":{"rendered":"<p class=\"\">Cabas souple tout en coton, fermeture par un zip, deux anses pour un port\u00e9 mains ou \u00e9paules, d\u00e9tail broderie Bobo Choses sur le c\u00f4t\u00e9 devant. Petite poche plaqu\u00e9e dans le dos. Dimensions : Anses 50 cm, Hauteur 28 cm, Largeur 55 cm et Profondeur 8 cm<\/p>\n<p class=\"\">D\u00e9tail : 100% coton<\/p>\n","protected":false},"excerpt":{"rendered":"<p>Cabas souple tout en coton, fermeture par un zip, deux anses pour un port\u00e9 mains ou \u00e9paules, d\u00e9tail broderie Bobo Choses sur le c\u00f4t\u00e9 devant. Petite poche plaqu\u00e9e dans le dos. Dimensions : Anses 50 cm, Hauteur 28 cm, Largeur 55 cm et Profondeur 8 cm D\u00e9tail : 100% coton<\/p>\n","protected":false},"featured_media":708399,"comment_status":"open","ping_status":"closed","template":"","meta":[],"product_brand":[],"product_cat":[1756,1764],"product_tag":[2244],"acf":[],"_links":{"self":[{"href":"https:\/\/streetmarkets.fr\/app\/wp-json\/wp\/v2\/product\/708398"}],"collection":[{"href":"https:\/\/streetmarkets.fr\/app\/wp-json\/wp\/v2\/product"}],"about":[{"href":"https:\/\/streetmarkets.fr\/app\/wp-json\/wp\/v2\/types\/product"}],"replies":[{"embeddable":true,"href":"https:\/\/streetmarkets.fr\/app\/wp-json\/wp\/v2\/comments?post=708398"}],"wp:featuredmedia":[{"embeddable":true,"href":"https:\/\/streetmarkets.fr\/app\/wp-json\/wp\/v2\/media\/708399"}],"wp:attachment":[{"href":"https:\/\/streetmarkets.fr\/app\/wp-json\/wp\/v2\/media?parent=708398"}],"wp:term":[{"taxonomy":"product_brand","embeddable":true,"href":"https:\/\/streetmarkets.fr\/app\/wp-json\/wp\/v2\/product_brand?post=708398"},{"taxonomy":"product_cat","embeddable":true,"href":"https:\/\/streetmarkets.fr\/app\/wp-json\/wp\/v2\/product_cat?post=708398"},{"taxonomy":"product_tag","embeddable":true,"href":"https:\/\/streetmarkets.fr\/app\/wp-json\/wp\/v2\/product_tag?post=708398"}],"curies":[{"name":"wp","href":"https:\/\/api.w.org\/{rel}","templated":true}]}}