{"id":708384,"date":"2024-10-15T16:44:15","date_gmt":"2024-10-15T14:44:15","guid":{"rendered":"https:\/\/streetmarkets.fr\/app\/produit\/t-shirt-col-montant-turtle-neck-beige-bobo-choses-40\/"},"modified":"2026-05-09T02:02:31","modified_gmt":"2026-05-09T00:02:31","slug":"t-shirt-col-montant-turtle-neck-beige-bobo-choses-40","status":"publish","type":"product","link":"https:\/\/streetmarkets.fr\/app\/produit\/t-shirt-col-montant-turtle-neck-beige-bobo-choses-40\/","title":{"rendered":"T- shirt Col Montant Turtle Neck Beige, Bobo Choses -40%"},"content":{"rendered":"<p class=\"\">Tee shirt col montant ray\u00e9 bleu sur fond beige, manches longues. D\u00e9tail petite broderie sur le c\u00f4t\u00e9 devant. Coupe pr\u00e8s du corps ajust\u00e9e. Tr\u00e8s mignon port\u00e9 sous une robe \u00e0 bretelles.<\/p>\n<p class=\"\">D\u00e9tail : 70% coton, 27% polyester, 3% \u00e9lasthane<\/p>\n","protected":false},"excerpt":{"rendered":"<p>Tee shirt col montant ray\u00e9 bleu sur fond beige, manches longues. D\u00e9tail petite broderie sur le c\u00f4t\u00e9 devant. Coupe pr\u00e8s du corps ajust\u00e9e. Tr\u00e8s mignon port\u00e9 sous une robe \u00e0 bretelles. D\u00e9tail : 70% coton, 27% polyester, 3% \u00e9lasthane<\/p>\n","protected":false},"featured_media":708385,"comment_status":"open","ping_status":"closed","template":"","meta":[],"product_brand":[],"product_cat":[1756,1758],"product_tag":[2244],"acf":[],"_links":{"self":[{"href":"https:\/\/streetmarkets.fr\/app\/wp-json\/wp\/v2\/product\/708384"}],"collection":[{"href":"https:\/\/streetmarkets.fr\/app\/wp-json\/wp\/v2\/product"}],"about":[{"href":"https:\/\/streetmarkets.fr\/app\/wp-json\/wp\/v2\/types\/product"}],"replies":[{"embeddable":true,"href":"https:\/\/streetmarkets.fr\/app\/wp-json\/wp\/v2\/comments?post=708384"}],"wp:featuredmedia":[{"embeddable":true,"href":"https:\/\/streetmarkets.fr\/app\/wp-json\/wp\/v2\/media\/708385"}],"wp:attachment":[{"href":"https:\/\/streetmarkets.fr\/app\/wp-json\/wp\/v2\/media?parent=708384"}],"wp:term":[{"taxonomy":"product_brand","embeddable":true,"href":"https:\/\/streetmarkets.fr\/app\/wp-json\/wp\/v2\/product_brand?post=708384"},{"taxonomy":"product_cat","embeddable":true,"href":"https:\/\/streetmarkets.fr\/app\/wp-json\/wp\/v2\/product_cat?post=708384"},{"taxonomy":"product_tag","embeddable":true,"href":"https:\/\/streetmarkets.fr\/app\/wp-json\/wp\/v2\/product_tag?post=708384"}],"curies":[{"name":"wp","href":"https:\/\/api.w.org\/{rel}","templated":true}]}}