{"id":708367,"date":"2024-10-15T16:44:13","date_gmt":"2024-10-15T14:44:13","guid":{"rendered":"https:\/\/streetmarkets.fr\/app\/produit\/blouse-piana-ecru-straw-masscob\/"},"modified":"2026-05-09T02:02:31","modified_gmt":"2026-05-09T00:02:31","slug":"blouse-piana-ecru-straw-masscob","status":"publish","type":"product","link":"https:\/\/streetmarkets.fr\/app\/produit\/blouse-piana-ecru-straw-masscob\/","title":{"rendered":"Blouse Piana \u00c9cru Straw Masscob"},"content":{"rendered":"<p class=\"\">Blouse en lin coupe ample, ouverture sur le devant avec col mao, d\u00e9coupe dos et l\u00e9g\u00e8rement pliss\u00e9. Manches 3\/4, se porte d\u00e8s maintenant sous un grand gilet oversize et un jean. \u00c9galement disponible en bleu marine.<\/p>\n<p class=\"\">D\u00e9tail : 100% lin<\/p>\n<p class=\"\">Fabriqu\u00e9 en Europe<\/p>\n","protected":false},"excerpt":{"rendered":"<p>Blouse en lin coupe ample, ouverture sur le devant avec col mao, d\u00e9coupe dos et l\u00e9g\u00e8rement pliss\u00e9. Manches 3\/4, se porte d\u00e8s maintenant sous un grand gilet oversize et un jean. \u00c9galement disponible en bleu marine. D\u00e9tail : 100% lin Fabriqu\u00e9 en Europe<\/p>\n","protected":false},"featured_media":708368,"comment_status":"open","ping_status":"closed","template":"","meta":[],"product_brand":[],"product_cat":[1756,1758],"product_tag":[2244],"acf":[],"_links":{"self":[{"href":"https:\/\/streetmarkets.fr\/app\/wp-json\/wp\/v2\/product\/708367"}],"collection":[{"href":"https:\/\/streetmarkets.fr\/app\/wp-json\/wp\/v2\/product"}],"about":[{"href":"https:\/\/streetmarkets.fr\/app\/wp-json\/wp\/v2\/types\/product"}],"replies":[{"embeddable":true,"href":"https:\/\/streetmarkets.fr\/app\/wp-json\/wp\/v2\/comments?post=708367"}],"wp:featuredmedia":[{"embeddable":true,"href":"https:\/\/streetmarkets.fr\/app\/wp-json\/wp\/v2\/media\/708368"}],"wp:attachment":[{"href":"https:\/\/streetmarkets.fr\/app\/wp-json\/wp\/v2\/media?parent=708367"}],"wp:term":[{"taxonomy":"product_brand","embeddable":true,"href":"https:\/\/streetmarkets.fr\/app\/wp-json\/wp\/v2\/product_brand?post=708367"},{"taxonomy":"product_cat","embeddable":true,"href":"https:\/\/streetmarkets.fr\/app\/wp-json\/wp\/v2\/product_cat?post=708367"},{"taxonomy":"product_tag","embeddable":true,"href":"https:\/\/streetmarkets.fr\/app\/wp-json\/wp\/v2\/product_tag?post=708367"}],"curies":[{"name":"wp","href":"https:\/\/api.w.org\/{rel}","templated":true}]}}