{"id":708349,"date":"2024-10-15T16:44:12","date_gmt":"2024-10-15T14:44:12","guid":{"rendered":"https:\/\/streetmarkets.fr\/app\/produit\/manteau-ecru-butter-pomandere-60\/"},"modified":"2024-11-04T01:04:18","modified_gmt":"2024-11-04T00:04:18","slug":"manteau-ecru-butter-pomandere-60","status":"publish","type":"product","link":"https:\/\/streetmarkets.fr\/app\/produit\/manteau-ecru-butter-pomandere-60\/","title":{"rendered":"Manteau \u00c9cru Butter Pomand\u00e8re -60%"},"content":{"rendered":"<p class=\"\">Manteau demi saison en lin coupe ample et agr\u00e9able, manches longues, ouverture sur le devant par trois boutons. Deux poches lat\u00e9rales. <\/p>\n<p class=\"\">D\u00e9tail : 100% lin <\/p>\n<p class=\"\">Fabriqu\u00e9 en Italie <\/p>\n","protected":false},"excerpt":{"rendered":"<p>Manteau demi saison en lin coupe ample et agr\u00e9able, manches longues, ouverture sur le devant par trois boutons. Deux poches lat\u00e9rales. D\u00e9tail : 100% lin Fabriqu\u00e9 en Italie<\/p>\n","protected":false},"featured_media":708350,"comment_status":"open","ping_status":"closed","template":"","meta":[],"product_brand":[],"product_cat":[1756,1758],"product_tag":[2244],"acf":[],"_links":{"self":[{"href":"https:\/\/streetmarkets.fr\/app\/wp-json\/wp\/v2\/product\/708349"}],"collection":[{"href":"https:\/\/streetmarkets.fr\/app\/wp-json\/wp\/v2\/product"}],"about":[{"href":"https:\/\/streetmarkets.fr\/app\/wp-json\/wp\/v2\/types\/product"}],"replies":[{"embeddable":true,"href":"https:\/\/streetmarkets.fr\/app\/wp-json\/wp\/v2\/comments?post=708349"}],"wp:featuredmedia":[{"embeddable":true,"href":"https:\/\/streetmarkets.fr\/app\/wp-json\/wp\/v2\/media\/708350"}],"wp:attachment":[{"href":"https:\/\/streetmarkets.fr\/app\/wp-json\/wp\/v2\/media?parent=708349"}],"wp:term":[{"taxonomy":"product_brand","embeddable":true,"href":"https:\/\/streetmarkets.fr\/app\/wp-json\/wp\/v2\/product_brand?post=708349"},{"taxonomy":"product_cat","embeddable":true,"href":"https:\/\/streetmarkets.fr\/app\/wp-json\/wp\/v2\/product_cat?post=708349"},{"taxonomy":"product_tag","embeddable":true,"href":"https:\/\/streetmarkets.fr\/app\/wp-json\/wp\/v2\/product_tag?post=708349"}],"curies":[{"name":"wp","href":"https:\/\/api.w.org\/{rel}","templated":true}]}}