{"id":708325,"date":"2024-10-15T16:44:10","date_gmt":"2024-10-15T14:44:10","guid":{"rendered":"https:\/\/streetmarkets.fr\/app\/produit\/teeshirt-bc-terry-rose-bobo-choses\/"},"modified":"2026-05-06T02:02:14","modified_gmt":"2026-05-06T00:02:14","slug":"teeshirt-bc-terry-rose-bobo-choses","status":"publish","type":"product","link":"https:\/\/streetmarkets.fr\/app\/produit\/teeshirt-bc-terry-rose-bobo-choses\/","title":{"rendered":"Teeshirt BC Terry Rose Bobo Choses"},"content":{"rendered":"<p class=\"\">Teeshirt comfy en coton bio \u00e9ponge rose, coupe ample, col rond, manches courtes, d\u00e9tail petite broderie sur le devant, toucher tout doux et tr\u00e8s agr\u00e9able.<\/p>\n<p class=\"\">D\u00e9tail : 80% coton bio, 20% polyester<\/p>\n<p class=\"\">Fabriqu\u00e9 en Espagne<\/p>\n","protected":false},"excerpt":{"rendered":"<p>Teeshirt comfy en coton bio \u00e9ponge rose, coupe ample, col rond, manches courtes, d\u00e9tail petite broderie sur le devant, toucher tout doux et tr\u00e8s agr\u00e9able. D\u00e9tail : 80% coton bio, 20% polyester Fabriqu\u00e9 en Espagne<\/p>\n","protected":false},"featured_media":708326,"comment_status":"open","ping_status":"closed","template":"","meta":[],"product_brand":[],"product_cat":[1756,1758],"product_tag":[2244],"acf":[],"_links":{"self":[{"href":"https:\/\/streetmarkets.fr\/app\/wp-json\/wp\/v2\/product\/708325"}],"collection":[{"href":"https:\/\/streetmarkets.fr\/app\/wp-json\/wp\/v2\/product"}],"about":[{"href":"https:\/\/streetmarkets.fr\/app\/wp-json\/wp\/v2\/types\/product"}],"replies":[{"embeddable":true,"href":"https:\/\/streetmarkets.fr\/app\/wp-json\/wp\/v2\/comments?post=708325"}],"wp:featuredmedia":[{"embeddable":true,"href":"https:\/\/streetmarkets.fr\/app\/wp-json\/wp\/v2\/media\/708326"}],"wp:attachment":[{"href":"https:\/\/streetmarkets.fr\/app\/wp-json\/wp\/v2\/media?parent=708325"}],"wp:term":[{"taxonomy":"product_brand","embeddable":true,"href":"https:\/\/streetmarkets.fr\/app\/wp-json\/wp\/v2\/product_brand?post=708325"},{"taxonomy":"product_cat","embeddable":true,"href":"https:\/\/streetmarkets.fr\/app\/wp-json\/wp\/v2\/product_cat?post=708325"},{"taxonomy":"product_tag","embeddable":true,"href":"https:\/\/streetmarkets.fr\/app\/wp-json\/wp\/v2\/product_tag?post=708325"}],"curies":[{"name":"wp","href":"https:\/\/api.w.org\/{rel}","templated":true}]}}