{"id":708317,"date":"2024-10-15T16:44:09","date_gmt":"2024-10-15T14:44:09","guid":{"rendered":"https:\/\/streetmarkets.fr\/app\/produit\/sweat-kids-have-the-power-blue-bobo-choses-40\/"},"modified":"2026-05-06T02:02:14","modified_gmt":"2026-05-06T00:02:14","slug":"sweat-kids-have-the-power-blue-bobo-choses-40","status":"publish","type":"product","link":"https:\/\/streetmarkets.fr\/app\/produit\/sweat-kids-have-the-power-blue-bobo-choses-40\/","title":{"rendered":"Sweat Kids Have The Power Blue Bobo Choses -40%"},"content":{"rendered":"<p class=\"\">Sweat en coton bio coupe ample et comfy d\u00e9tail impression devant Kids Have The Power. Tr\u00e8s beau sur les jupes longues Masscob !<\/p>\n<p class=\"\">D\u00e9tail : 100% coton bio<\/p>\n<p class=\"\">Fabriqu\u00e9 en Espagne<\/p>\n","protected":false},"excerpt":{"rendered":"<p>Sweat en coton bio coupe ample et comfy d\u00e9tail impression devant Kids Have The Power. Tr\u00e8s beau sur les jupes longues Masscob ! D\u00e9tail : 100% coton bio Fabriqu\u00e9 en Espagne<\/p>\n","protected":false},"featured_media":708318,"comment_status":"open","ping_status":"closed","template":"","meta":[],"product_brand":[],"product_cat":[1756,1758],"product_tag":[2244],"acf":[],"_links":{"self":[{"href":"https:\/\/streetmarkets.fr\/app\/wp-json\/wp\/v2\/product\/708317"}],"collection":[{"href":"https:\/\/streetmarkets.fr\/app\/wp-json\/wp\/v2\/product"}],"about":[{"href":"https:\/\/streetmarkets.fr\/app\/wp-json\/wp\/v2\/types\/product"}],"replies":[{"embeddable":true,"href":"https:\/\/streetmarkets.fr\/app\/wp-json\/wp\/v2\/comments?post=708317"}],"wp:featuredmedia":[{"embeddable":true,"href":"https:\/\/streetmarkets.fr\/app\/wp-json\/wp\/v2\/media\/708318"}],"wp:attachment":[{"href":"https:\/\/streetmarkets.fr\/app\/wp-json\/wp\/v2\/media?parent=708317"}],"wp:term":[{"taxonomy":"product_brand","embeddable":true,"href":"https:\/\/streetmarkets.fr\/app\/wp-json\/wp\/v2\/product_brand?post=708317"},{"taxonomy":"product_cat","embeddable":true,"href":"https:\/\/streetmarkets.fr\/app\/wp-json\/wp\/v2\/product_cat?post=708317"},{"taxonomy":"product_tag","embeddable":true,"href":"https:\/\/streetmarkets.fr\/app\/wp-json\/wp\/v2\/product_tag?post=708317"}],"curies":[{"name":"wp","href":"https:\/\/api.w.org\/{rel}","templated":true}]}}