{"id":708303,"date":"2024-10-15T16:44:08","date_gmt":"2024-10-15T14:44:08","guid":{"rendered":"https:\/\/streetmarkets.fr\/app\/produit\/jupe-midi-shadow-blue-white-bobo-choses-50\/"},"modified":"2026-05-09T02:02:30","modified_gmt":"2026-05-09T00:02:30","slug":"jupe-midi-shadow-blue-white-bobo-choses-50","status":"publish","type":"product","link":"https:\/\/streetmarkets.fr\/app\/produit\/jupe-midi-shadow-blue-white-bobo-choses-50\/","title":{"rendered":"Jupe Midi Shadow Blue White Bobo Choses -50%"},"content":{"rendered":"<p class=\"\">Jupe midi motif bleu marine, coupe trap\u00e8ze, d\u00e9tail ceinture \u00e0 la taille et l\u00e9g\u00e8rement fronc\u00e9e, boutonn\u00e9 sur le devant, d\u00e9tail poches lat\u00e9rales. Fra\u00eeche et l\u00e9g\u00e8re.<\/p>\n<p class=\"\">D\u00e9tail : 70% lyocell, 30% lin<\/p>\n","protected":false},"excerpt":{"rendered":"<p>Jupe midi motif bleu marine, coupe trap\u00e8ze, d\u00e9tail ceinture \u00e0 la taille et l\u00e9g\u00e8rement fronc\u00e9e, boutonn\u00e9 sur le devant, d\u00e9tail poches lat\u00e9rales. Fra\u00eeche et l\u00e9g\u00e8re. D\u00e9tail : 70% lyocell, 30% lin<\/p>\n","protected":false},"featured_media":708304,"comment_status":"open","ping_status":"closed","template":"","meta":[],"product_brand":[],"product_cat":[1756,1758],"product_tag":[2244],"acf":[],"_links":{"self":[{"href":"https:\/\/streetmarkets.fr\/app\/wp-json\/wp\/v2\/product\/708303"}],"collection":[{"href":"https:\/\/streetmarkets.fr\/app\/wp-json\/wp\/v2\/product"}],"about":[{"href":"https:\/\/streetmarkets.fr\/app\/wp-json\/wp\/v2\/types\/product"}],"replies":[{"embeddable":true,"href":"https:\/\/streetmarkets.fr\/app\/wp-json\/wp\/v2\/comments?post=708303"}],"wp:featuredmedia":[{"embeddable":true,"href":"https:\/\/streetmarkets.fr\/app\/wp-json\/wp\/v2\/media\/708304"}],"wp:attachment":[{"href":"https:\/\/streetmarkets.fr\/app\/wp-json\/wp\/v2\/media?parent=708303"}],"wp:term":[{"taxonomy":"product_brand","embeddable":true,"href":"https:\/\/streetmarkets.fr\/app\/wp-json\/wp\/v2\/product_brand?post=708303"},{"taxonomy":"product_cat","embeddable":true,"href":"https:\/\/streetmarkets.fr\/app\/wp-json\/wp\/v2\/product_cat?post=708303"},{"taxonomy":"product_tag","embeddable":true,"href":"https:\/\/streetmarkets.fr\/app\/wp-json\/wp\/v2\/product_tag?post=708303"}],"curies":[{"name":"wp","href":"https:\/\/api.w.org\/{rel}","templated":true}]}}