{"id":708296,"date":"2024-10-15T16:44:08","date_gmt":"2024-10-15T14:44:08","guid":{"rendered":"https:\/\/streetmarkets.fr\/app\/produit\/kimono-brush-stroke-green-bobo-choses-70\/"},"modified":"2026-05-06T02:02:13","modified_gmt":"2026-05-06T00:02:13","slug":"kimono-brush-stroke-green-bobo-choses-70","status":"publish","type":"product","link":"https:\/\/streetmarkets.fr\/app\/produit\/kimono-brush-stroke-green-bobo-choses-70\/","title":{"rendered":"Kimono Brush Stroke Green Bobo Choses -70%"},"content":{"rendered":"<p class=\"\">Kimono imprim\u00e9 Brush Stroke vert, coupe ample et l\u00e9g\u00e8re, \u00e0 porter ouvert ou ceintur\u00e9. TAILLE UNIQUE !<\/p>\n<p class=\"\">D\u00e9tail : 70% lyocell, 30% lin<\/p>\n<p class=\"\">Fabriqu\u00e9 en Espagne<\/p>\n","protected":false},"excerpt":{"rendered":"<p>Kimono imprim\u00e9 Brush Stroke vert, coupe ample et l\u00e9g\u00e8re, \u00e0 porter ouvert ou ceintur\u00e9. TAILLE UNIQUE ! D\u00e9tail : 70% lyocell, 30% lin Fabriqu\u00e9 en Espagne<\/p>\n","protected":false},"featured_media":708297,"comment_status":"open","ping_status":"closed","template":"","meta":[],"product_brand":[],"product_cat":[1756,1758],"product_tag":[2244],"acf":[],"_links":{"self":[{"href":"https:\/\/streetmarkets.fr\/app\/wp-json\/wp\/v2\/product\/708296"}],"collection":[{"href":"https:\/\/streetmarkets.fr\/app\/wp-json\/wp\/v2\/product"}],"about":[{"href":"https:\/\/streetmarkets.fr\/app\/wp-json\/wp\/v2\/types\/product"}],"replies":[{"embeddable":true,"href":"https:\/\/streetmarkets.fr\/app\/wp-json\/wp\/v2\/comments?post=708296"}],"wp:featuredmedia":[{"embeddable":true,"href":"https:\/\/streetmarkets.fr\/app\/wp-json\/wp\/v2\/media\/708297"}],"wp:attachment":[{"href":"https:\/\/streetmarkets.fr\/app\/wp-json\/wp\/v2\/media?parent=708296"}],"wp:term":[{"taxonomy":"product_brand","embeddable":true,"href":"https:\/\/streetmarkets.fr\/app\/wp-json\/wp\/v2\/product_brand?post=708296"},{"taxonomy":"product_cat","embeddable":true,"href":"https:\/\/streetmarkets.fr\/app\/wp-json\/wp\/v2\/product_cat?post=708296"},{"taxonomy":"product_tag","embeddable":true,"href":"https:\/\/streetmarkets.fr\/app\/wp-json\/wp\/v2\/product_tag?post=708296"}],"curies":[{"name":"wp","href":"https:\/\/api.w.org\/{rel}","templated":true}]}}