{"id":708286,"date":"2024-10-15T16:44:07","date_gmt":"2024-10-15T14:44:07","guid":{"rendered":"https:\/\/streetmarkets.fr\/app\/produit\/top-shadows-pink-bobo-choses-60\/"},"modified":"2026-05-09T02:02:30","modified_gmt":"2026-05-09T00:02:30","slug":"top-shadows-pink-bobo-choses-60","status":"publish","type":"product","link":"https:\/\/streetmarkets.fr\/app\/produit\/top-shadows-pink-bobo-choses-60\/","title":{"rendered":"Top Shadows Pink Bobo Choses -60%"},"content":{"rendered":"<p class=\"\">Top en coton bio rose poudre et blanc, coupe droite, d\u00e9collet\u00e9 V. 0 enfiler. Trop mignon !!<\/p>\n<p class=\"\">D\u00e9tail : 100% coton bio<\/p>\n<p class=\"\">Fabriqu\u00e9 en Espagne<\/p>\n","protected":false},"excerpt":{"rendered":"<p>Top en coton bio rose poudre et blanc, coupe droite, d\u00e9collet\u00e9 V. 0 enfiler. Trop mignon !! D\u00e9tail : 100% coton bio Fabriqu\u00e9 en Espagne<\/p>\n","protected":false},"featured_media":708287,"comment_status":"open","ping_status":"closed","template":"","meta":[],"product_brand":[],"product_cat":[1756,1758],"product_tag":[2244],"acf":[],"_links":{"self":[{"href":"https:\/\/streetmarkets.fr\/app\/wp-json\/wp\/v2\/product\/708286"}],"collection":[{"href":"https:\/\/streetmarkets.fr\/app\/wp-json\/wp\/v2\/product"}],"about":[{"href":"https:\/\/streetmarkets.fr\/app\/wp-json\/wp\/v2\/types\/product"}],"replies":[{"embeddable":true,"href":"https:\/\/streetmarkets.fr\/app\/wp-json\/wp\/v2\/comments?post=708286"}],"wp:featuredmedia":[{"embeddable":true,"href":"https:\/\/streetmarkets.fr\/app\/wp-json\/wp\/v2\/media\/708287"}],"wp:attachment":[{"href":"https:\/\/streetmarkets.fr\/app\/wp-json\/wp\/v2\/media?parent=708286"}],"wp:term":[{"taxonomy":"product_brand","embeddable":true,"href":"https:\/\/streetmarkets.fr\/app\/wp-json\/wp\/v2\/product_brand?post=708286"},{"taxonomy":"product_cat","embeddable":true,"href":"https:\/\/streetmarkets.fr\/app\/wp-json\/wp\/v2\/product_cat?post=708286"},{"taxonomy":"product_tag","embeddable":true,"href":"https:\/\/streetmarkets.fr\/app\/wp-json\/wp\/v2\/product_tag?post=708286"}],"curies":[{"name":"wp","href":"https:\/\/api.w.org\/{rel}","templated":true}]}}