{"id":708251,"date":"2024-10-15T16:44:04","date_gmt":"2024-10-15T14:44:04","guid":{"rendered":"https:\/\/streetmarkets.fr\/app\/produit\/pantalon-forset-black-masscob\/"},"modified":"2026-05-09T02:02:29","modified_gmt":"2026-05-09T00:02:29","slug":"pantalon-forset-black-masscob","status":"publish","type":"product","link":"https:\/\/streetmarkets.fr\/app\/produit\/pantalon-forset-black-masscob\/","title":{"rendered":"Pantalon Forset Black Masscob"},"content":{"rendered":"<p class=\"\">Pantalon coupe ample et droite, confortable et chaud, taille \u00e9lastique, deux poches lat\u00e9rales devant. Egalement disponible en Ecru. <\/p>\n<p class=\"\">D\u00e9tail : 46% laine vierge, 38% lin, 16% polyamide<\/p>\n","protected":false},"excerpt":{"rendered":"<p>Pantalon coupe ample et droite, confortable et chaud, taille \u00e9lastique, deux poches lat\u00e9rales devant. Egalement disponible en Ecru. D\u00e9tail : 46% laine vierge, 38% lin, 16% polyamide<\/p>\n","protected":false},"featured_media":708252,"comment_status":"open","ping_status":"closed","template":"","meta":[],"product_brand":[],"product_cat":[1756,1758],"product_tag":[2244],"acf":[],"_links":{"self":[{"href":"https:\/\/streetmarkets.fr\/app\/wp-json\/wp\/v2\/product\/708251"}],"collection":[{"href":"https:\/\/streetmarkets.fr\/app\/wp-json\/wp\/v2\/product"}],"about":[{"href":"https:\/\/streetmarkets.fr\/app\/wp-json\/wp\/v2\/types\/product"}],"replies":[{"embeddable":true,"href":"https:\/\/streetmarkets.fr\/app\/wp-json\/wp\/v2\/comments?post=708251"}],"wp:featuredmedia":[{"embeddable":true,"href":"https:\/\/streetmarkets.fr\/app\/wp-json\/wp\/v2\/media\/708252"}],"wp:attachment":[{"href":"https:\/\/streetmarkets.fr\/app\/wp-json\/wp\/v2\/media?parent=708251"}],"wp:term":[{"taxonomy":"product_brand","embeddable":true,"href":"https:\/\/streetmarkets.fr\/app\/wp-json\/wp\/v2\/product_brand?post=708251"},{"taxonomy":"product_cat","embeddable":true,"href":"https:\/\/streetmarkets.fr\/app\/wp-json\/wp\/v2\/product_cat?post=708251"},{"taxonomy":"product_tag","embeddable":true,"href":"https:\/\/streetmarkets.fr\/app\/wp-json\/wp\/v2\/product_tag?post=708251"}],"curies":[{"name":"wp","href":"https:\/\/api.w.org\/{rel}","templated":true}]}}