{"id":708241,"date":"2024-10-15T16:44:03","date_gmt":"2024-10-15T14:44:03","guid":{"rendered":"https:\/\/streetmarkets.fr\/app\/produit\/pantalon-boyd-navy-masscob\/"},"modified":"2026-05-06T02:02:13","modified_gmt":"2026-05-06T00:02:13","slug":"pantalon-boyd-navy-masscob","status":"publish","type":"product","link":"https:\/\/streetmarkets.fr\/app\/produit\/pantalon-boyd-navy-masscob\/","title":{"rendered":"Pantalon Boyd Navy Masscob"},"content":{"rendered":"<p class=\"\">Pantalon 7\/8 \u00e8me coupe droite et confortable, taille elastique, deux poches lat\u00e9rales, deux poches plaqu\u00e9es dans le dos.<\/p>\n<p class=\"\">D\u00e9tail : 100% laine vierge <\/p>\n","protected":false},"excerpt":{"rendered":"<p>Pantalon 7\/8 \u00e8me coupe droite et confortable, taille elastique, deux poches lat\u00e9rales, deux poches plaqu\u00e9es dans le dos. D\u00e9tail : 100% laine vierge<\/p>\n","protected":false},"featured_media":708242,"comment_status":"open","ping_status":"closed","template":"","meta":[],"product_brand":[],"product_cat":[1756,1758],"product_tag":[2244],"acf":[],"_links":{"self":[{"href":"https:\/\/streetmarkets.fr\/app\/wp-json\/wp\/v2\/product\/708241"}],"collection":[{"href":"https:\/\/streetmarkets.fr\/app\/wp-json\/wp\/v2\/product"}],"about":[{"href":"https:\/\/streetmarkets.fr\/app\/wp-json\/wp\/v2\/types\/product"}],"replies":[{"embeddable":true,"href":"https:\/\/streetmarkets.fr\/app\/wp-json\/wp\/v2\/comments?post=708241"}],"wp:featuredmedia":[{"embeddable":true,"href":"https:\/\/streetmarkets.fr\/app\/wp-json\/wp\/v2\/media\/708242"}],"wp:attachment":[{"href":"https:\/\/streetmarkets.fr\/app\/wp-json\/wp\/v2\/media?parent=708241"}],"wp:term":[{"taxonomy":"product_brand","embeddable":true,"href":"https:\/\/streetmarkets.fr\/app\/wp-json\/wp\/v2\/product_brand?post=708241"},{"taxonomy":"product_cat","embeddable":true,"href":"https:\/\/streetmarkets.fr\/app\/wp-json\/wp\/v2\/product_cat?post=708241"},{"taxonomy":"product_tag","embeddable":true,"href":"https:\/\/streetmarkets.fr\/app\/wp-json\/wp\/v2\/product_tag?post=708241"}],"curies":[{"name":"wp","href":"https:\/\/api.w.org\/{rel}","templated":true}]}}