{"id":708226,"date":"2024-10-15T16:43:30","date_gmt":"2024-10-15T14:43:30","guid":{"rendered":"https:\/\/streetmarkets.fr\/app\/produit\/jupe-speranza-ecru-vanessa-bruno-60\/"},"modified":"2025-02-26T01:02:00","modified_gmt":"2025-02-26T00:02:00","slug":"jupe-speranza-ecru-vanessa-bruno-60","status":"publish","type":"product","link":"https:\/\/streetmarkets.fr\/app\/produit\/jupe-speranza-ecru-vanessa-bruno-60\/","title":{"rendered":"VANESSA BRUNO Jupe Speranza Ecru -60%"},"content":{"rendered":"<p class=\"\">Jupe souple et fluide, imprim\u00e9 floral, taille haute et l\u00e9g\u00e8rement fronc\u00e9e. Longueur sous genoux, doubl\u00e9e. Fermeture par un zip sur le c\u00f4t\u00e9. <\/p>\n<p class=\"\">D\u00e9tail : 95% rayon, 5% lurex<\/p>\n","protected":false},"excerpt":{"rendered":"<p>Jupe souple et fluide, imprim\u00e9 floral, taille haute et l\u00e9g\u00e8rement fronc\u00e9e. Longueur sous genoux, doubl\u00e9e. Fermeture par un zip sur le c\u00f4t\u00e9. D\u00e9tail : 95% rayon, 5% lurex<\/p>\n","protected":false},"featured_media":708227,"comment_status":"open","ping_status":"closed","template":"","meta":[],"product_brand":[],"product_cat":[1756,1758],"product_tag":[2244],"acf":[],"_links":{"self":[{"href":"https:\/\/streetmarkets.fr\/app\/wp-json\/wp\/v2\/product\/708226"}],"collection":[{"href":"https:\/\/streetmarkets.fr\/app\/wp-json\/wp\/v2\/product"}],"about":[{"href":"https:\/\/streetmarkets.fr\/app\/wp-json\/wp\/v2\/types\/product"}],"replies":[{"embeddable":true,"href":"https:\/\/streetmarkets.fr\/app\/wp-json\/wp\/v2\/comments?post=708226"}],"wp:featuredmedia":[{"embeddable":true,"href":"https:\/\/streetmarkets.fr\/app\/wp-json\/wp\/v2\/media\/708227"}],"wp:attachment":[{"href":"https:\/\/streetmarkets.fr\/app\/wp-json\/wp\/v2\/media?parent=708226"}],"wp:term":[{"taxonomy":"product_brand","embeddable":true,"href":"https:\/\/streetmarkets.fr\/app\/wp-json\/wp\/v2\/product_brand?post=708226"},{"taxonomy":"product_cat","embeddable":true,"href":"https:\/\/streetmarkets.fr\/app\/wp-json\/wp\/v2\/product_cat?post=708226"},{"taxonomy":"product_tag","embeddable":true,"href":"https:\/\/streetmarkets.fr\/app\/wp-json\/wp\/v2\/product_tag?post=708226"}],"curies":[{"name":"wp","href":"https:\/\/api.w.org\/{rel}","templated":true}]}}