{"id":708218,"date":"2024-10-15T16:43:30","date_gmt":"2024-10-15T14:43:30","guid":{"rendered":"https:\/\/streetmarkets.fr\/app\/produit\/pull-sam-mauve-vanessa-bruno\/"},"modified":"2026-05-09T02:02:29","modified_gmt":"2026-05-09T00:02:29","slug":"pull-sam-mauve-vanessa-bruno","status":"publish","type":"product","link":"https:\/\/streetmarkets.fr\/app\/produit\/pull-sam-mauve-vanessa-bruno\/","title":{"rendered":"Pull Sam Mauve Vanessa Bruno"},"content":{"rendered":"<p class=\"\">Pull coupe ample, d\u00e9collet\u00e9 V, manches longues et emmanchures larges. L\u00e9g\u00e8rement resserr\u00e9 dans le bas. Cool et \u00e9l\u00e9gant. \u00c9galement disponible en Avoine et Noir.<\/p>\n<p class=\"\">D\u00e9tail : 100% m\u00e9rinos<\/p>\n","protected":false},"excerpt":{"rendered":"<p>Pull coupe ample, d\u00e9collet\u00e9 V, manches longues et emmanchures larges. L\u00e9g\u00e8rement resserr\u00e9 dans le bas. Cool et \u00e9l\u00e9gant. \u00c9galement disponible en Avoine et Noir. D\u00e9tail : 100% m\u00e9rinos<\/p>\n","protected":false},"featured_media":708219,"comment_status":"open","ping_status":"closed","template":"","meta":[],"product_brand":[],"product_cat":[1756,1758],"product_tag":[2244],"acf":[],"_links":{"self":[{"href":"https:\/\/streetmarkets.fr\/app\/wp-json\/wp\/v2\/product\/708218"}],"collection":[{"href":"https:\/\/streetmarkets.fr\/app\/wp-json\/wp\/v2\/product"}],"about":[{"href":"https:\/\/streetmarkets.fr\/app\/wp-json\/wp\/v2\/types\/product"}],"replies":[{"embeddable":true,"href":"https:\/\/streetmarkets.fr\/app\/wp-json\/wp\/v2\/comments?post=708218"}],"wp:featuredmedia":[{"embeddable":true,"href":"https:\/\/streetmarkets.fr\/app\/wp-json\/wp\/v2\/media\/708219"}],"wp:attachment":[{"href":"https:\/\/streetmarkets.fr\/app\/wp-json\/wp\/v2\/media?parent=708218"}],"wp:term":[{"taxonomy":"product_brand","embeddable":true,"href":"https:\/\/streetmarkets.fr\/app\/wp-json\/wp\/v2\/product_brand?post=708218"},{"taxonomy":"product_cat","embeddable":true,"href":"https:\/\/streetmarkets.fr\/app\/wp-json\/wp\/v2\/product_cat?post=708218"},{"taxonomy":"product_tag","embeddable":true,"href":"https:\/\/streetmarkets.fr\/app\/wp-json\/wp\/v2\/product_tag?post=708218"}],"curies":[{"name":"wp","href":"https:\/\/api.w.org\/{rel}","templated":true}]}}