{"id":708208,"date":"2024-10-15T16:43:29","date_gmt":"2024-10-15T14:43:29","guid":{"rendered":"https:\/\/streetmarkets.fr\/app\/produit\/robe-edine-brick-masscob-50\/"},"modified":"2026-05-09T02:02:29","modified_gmt":"2026-05-09T00:02:29","slug":"robe-edine-brick-masscob-50","status":"publish","type":"product","link":"https:\/\/streetmarkets.fr\/app\/produit\/robe-edine-brick-masscob-50\/","title":{"rendered":"MASSCOB Robe Edine Brick -50%"},"content":{"rendered":"<p class=\"\">Robe longue coupe ample, manches longues, ouverture sur le devant boutonn\u00e9e avec d\u00e9tail de fronces. D\u00e9coupe \u00e0 la taille l\u00e9g\u00e8rement fronc\u00e9e. Volants dans le bas. Egalement disponible la blouse Caris dans le m\u00eame th\u00e8me.<\/p>\n<p class=\"\">D\u00e9tail : 100% coton <\/p>\n","protected":false},"excerpt":{"rendered":"<p>Robe longue coupe ample, manches longues, ouverture sur le devant boutonn\u00e9e avec d\u00e9tail de fronces. D\u00e9coupe \u00e0 la taille l\u00e9g\u00e8rement fronc\u00e9e. Volants dans le bas. Egalement disponible la blouse Caris dans le m\u00eame th\u00e8me. D\u00e9tail : 100% coton<\/p>\n","protected":false},"featured_media":708209,"comment_status":"open","ping_status":"closed","template":"","meta":[],"product_brand":[],"product_cat":[1756,1758],"product_tag":[2244],"acf":[],"_links":{"self":[{"href":"https:\/\/streetmarkets.fr\/app\/wp-json\/wp\/v2\/product\/708208"}],"collection":[{"href":"https:\/\/streetmarkets.fr\/app\/wp-json\/wp\/v2\/product"}],"about":[{"href":"https:\/\/streetmarkets.fr\/app\/wp-json\/wp\/v2\/types\/product"}],"replies":[{"embeddable":true,"href":"https:\/\/streetmarkets.fr\/app\/wp-json\/wp\/v2\/comments?post=708208"}],"wp:featuredmedia":[{"embeddable":true,"href":"https:\/\/streetmarkets.fr\/app\/wp-json\/wp\/v2\/media\/708209"}],"wp:attachment":[{"href":"https:\/\/streetmarkets.fr\/app\/wp-json\/wp\/v2\/media?parent=708208"}],"wp:term":[{"taxonomy":"product_brand","embeddable":true,"href":"https:\/\/streetmarkets.fr\/app\/wp-json\/wp\/v2\/product_brand?post=708208"},{"taxonomy":"product_cat","embeddable":true,"href":"https:\/\/streetmarkets.fr\/app\/wp-json\/wp\/v2\/product_cat?post=708208"},{"taxonomy":"product_tag","embeddable":true,"href":"https:\/\/streetmarkets.fr\/app\/wp-json\/wp\/v2\/product_tag?post=708208"}],"curies":[{"name":"wp","href":"https:\/\/api.w.org\/{rel}","templated":true}]}}