{"id":708189,"date":"2024-10-15T16:43:27","date_gmt":"2024-10-15T14:43:27","guid":{"rendered":"https:\/\/streetmarkets.fr\/app\/produit\/pull-cement-red-braided-bobo-choses-60\/"},"modified":"2026-05-11T02:02:16","modified_gmt":"2026-05-11T00:02:16","slug":"pull-cement-red-braided-bobo-choses-60","status":"publish","type":"product","link":"https:\/\/streetmarkets.fr\/app\/produit\/pull-cement-red-braided-bobo-choses-60\/","title":{"rendered":"Pull Cement Red Braided Bobo Choses -60%"},"content":{"rendered":"<p class=\"\">Pull en laine coupe ample, encolure arrondie, manches longues et d\u00e9tail petite broderie sur le devant. Finitions en bord c\u00f4te ligne rouge.<\/p>\n<p class=\"\">D\u00e9tail : 60% laine, 30% polyamide, 10% laine Alpaca<\/p>\n","protected":false},"excerpt":{"rendered":"<p>Pull en laine coupe ample, encolure arrondie, manches longues et d\u00e9tail petite broderie sur le devant. Finitions en bord c\u00f4te ligne rouge. D\u00e9tail : 60% laine, 30% polyamide, 10% laine Alpaca<\/p>\n","protected":false},"featured_media":708190,"comment_status":"open","ping_status":"closed","template":"","meta":[],"product_brand":[],"product_cat":[1756,1758],"product_tag":[2244],"acf":[],"_links":{"self":[{"href":"https:\/\/streetmarkets.fr\/app\/wp-json\/wp\/v2\/product\/708189"}],"collection":[{"href":"https:\/\/streetmarkets.fr\/app\/wp-json\/wp\/v2\/product"}],"about":[{"href":"https:\/\/streetmarkets.fr\/app\/wp-json\/wp\/v2\/types\/product"}],"replies":[{"embeddable":true,"href":"https:\/\/streetmarkets.fr\/app\/wp-json\/wp\/v2\/comments?post=708189"}],"wp:featuredmedia":[{"embeddable":true,"href":"https:\/\/streetmarkets.fr\/app\/wp-json\/wp\/v2\/media\/708190"}],"wp:attachment":[{"href":"https:\/\/streetmarkets.fr\/app\/wp-json\/wp\/v2\/media?parent=708189"}],"wp:term":[{"taxonomy":"product_brand","embeddable":true,"href":"https:\/\/streetmarkets.fr\/app\/wp-json\/wp\/v2\/product_brand?post=708189"},{"taxonomy":"product_cat","embeddable":true,"href":"https:\/\/streetmarkets.fr\/app\/wp-json\/wp\/v2\/product_cat?post=708189"},{"taxonomy":"product_tag","embeddable":true,"href":"https:\/\/streetmarkets.fr\/app\/wp-json\/wp\/v2\/product_tag?post=708189"}],"curies":[{"name":"wp","href":"https:\/\/api.w.org\/{rel}","templated":true}]}}