{"id":708185,"date":"2024-10-15T16:43:27","date_gmt":"2024-10-15T14:43:27","guid":{"rendered":"https:\/\/streetmarkets.fr\/app\/produit\/shopping-bag-shapes-print-black-bobo-choses-40\/"},"modified":"2026-05-02T02:02:20","modified_gmt":"2026-05-02T00:02:20","slug":"shopping-bag-shapes-print-black-bobo-choses-40","status":"publish","type":"product","link":"https:\/\/streetmarkets.fr\/app\/produit\/shopping-bag-shapes-print-black-bobo-choses-40\/","title":{"rendered":"Shopping Bag Shapes Print Black Bobo Choses -40%"},"content":{"rendered":"<p class=\"\">Grand shopping bag fourre tout, grand compartiment principal, deux anses pour un port\u00e9 \u00e9paule. Ses dimensions : 60x34x10 cm<\/p>\n<p class=\"\">D\u00e9tail : 100% PES recycl\u00e9<\/p>\n","protected":false},"excerpt":{"rendered":"<p>Grand shopping bag fourre tout, grand compartiment principal, deux anses pour un port\u00e9 \u00e9paule. Ses dimensions : 60x34x10 cm D\u00e9tail : 100% PES recycl\u00e9<\/p>\n","protected":false},"featured_media":708186,"comment_status":"open","ping_status":"closed","template":"","meta":[],"product_brand":[],"product_cat":[1756,1764],"product_tag":[2244],"acf":[],"_links":{"self":[{"href":"https:\/\/streetmarkets.fr\/app\/wp-json\/wp\/v2\/product\/708185"}],"collection":[{"href":"https:\/\/streetmarkets.fr\/app\/wp-json\/wp\/v2\/product"}],"about":[{"href":"https:\/\/streetmarkets.fr\/app\/wp-json\/wp\/v2\/types\/product"}],"replies":[{"embeddable":true,"href":"https:\/\/streetmarkets.fr\/app\/wp-json\/wp\/v2\/comments?post=708185"}],"wp:featuredmedia":[{"embeddable":true,"href":"https:\/\/streetmarkets.fr\/app\/wp-json\/wp\/v2\/media\/708186"}],"wp:attachment":[{"href":"https:\/\/streetmarkets.fr\/app\/wp-json\/wp\/v2\/media?parent=708185"}],"wp:term":[{"taxonomy":"product_brand","embeddable":true,"href":"https:\/\/streetmarkets.fr\/app\/wp-json\/wp\/v2\/product_brand?post=708185"},{"taxonomy":"product_cat","embeddable":true,"href":"https:\/\/streetmarkets.fr\/app\/wp-json\/wp\/v2\/product_cat?post=708185"},{"taxonomy":"product_tag","embeddable":true,"href":"https:\/\/streetmarkets.fr\/app\/wp-json\/wp\/v2\/product_tag?post=708185"}],"curies":[{"name":"wp","href":"https:\/\/api.w.org\/{rel}","templated":true}]}}