{"id":708174,"date":"2024-10-15T16:43:26","date_gmt":"2024-10-15T14:43:26","guid":{"rendered":"https:\/\/streetmarkets.fr\/app\/produit\/sac-a-langer-color-stripes-bobo-choses-75\/"},"modified":"2026-05-09T02:02:29","modified_gmt":"2026-05-09T00:02:29","slug":"sac-a-langer-color-stripes-bobo-choses-75","status":"publish","type":"product","link":"https:\/\/streetmarkets.fr\/app\/produit\/sac-a-langer-color-stripes-bobo-choses-75\/","title":{"rendered":"Sac \u00c0 Langer Color Stripes Bobo Choses -75%"},"content":{"rendered":"<p class=\"\">Grand shopping bag fourre tout et sac \u00e0 langer, compartiment principale et multiples petites poches, deux anses pour un port\u00e9 \u00e9paule ou main et une bandouli\u00e8re qui peut \u00eatre retir\u00e9 si besoins. Ses dimensions : 49x12x35 cm. Peut aussi servir de sac \u00e0 langer \ud83d\ude42 <\/p>\n<p class=\"\">D\u00e9tail : 100% PA recycl\u00e9<\/p>\n","protected":false},"excerpt":{"rendered":"<p>Grand shopping bag fourre tout et sac \u00e0 langer, compartiment principale et multiples petites poches, deux anses pour un port\u00e9 \u00e9paule ou main et une bandouli\u00e8re qui peut \u00eatre retir\u00e9 si besoins. Ses dimensions : 49x12x35 cm. Peut aussi servir de sac \u00e0 langer \ud83d\ude42 D\u00e9tail : 100% PA recycl\u00e9<\/p>\n","protected":false},"featured_media":708175,"comment_status":"open","ping_status":"closed","template":"","meta":[],"product_brand":[],"product_cat":[1756,1764],"product_tag":[2244],"acf":[],"_links":{"self":[{"href":"https:\/\/streetmarkets.fr\/app\/wp-json\/wp\/v2\/product\/708174"}],"collection":[{"href":"https:\/\/streetmarkets.fr\/app\/wp-json\/wp\/v2\/product"}],"about":[{"href":"https:\/\/streetmarkets.fr\/app\/wp-json\/wp\/v2\/types\/product"}],"replies":[{"embeddable":true,"href":"https:\/\/streetmarkets.fr\/app\/wp-json\/wp\/v2\/comments?post=708174"}],"wp:featuredmedia":[{"embeddable":true,"href":"https:\/\/streetmarkets.fr\/app\/wp-json\/wp\/v2\/media\/708175"}],"wp:attachment":[{"href":"https:\/\/streetmarkets.fr\/app\/wp-json\/wp\/v2\/media?parent=708174"}],"wp:term":[{"taxonomy":"product_brand","embeddable":true,"href":"https:\/\/streetmarkets.fr\/app\/wp-json\/wp\/v2\/product_brand?post=708174"},{"taxonomy":"product_cat","embeddable":true,"href":"https:\/\/streetmarkets.fr\/app\/wp-json\/wp\/v2\/product_cat?post=708174"},{"taxonomy":"product_tag","embeddable":true,"href":"https:\/\/streetmarkets.fr\/app\/wp-json\/wp\/v2\/product_tag?post=708174"}],"curies":[{"name":"wp","href":"https:\/\/api.w.org\/{rel}","templated":true}]}}