{"id":708157,"date":"2024-10-15T16:43:24","date_gmt":"2024-10-15T14:43:24","guid":{"rendered":"https:\/\/streetmarkets.fr\/app\/produit\/robe-joli-dress-khaki-sand-xirena-50\/"},"modified":"2026-03-18T01:01:25","modified_gmt":"2026-03-18T00:01:25","slug":"robe-joli-dress-khaki-sand-xirena-50","status":"publish","type":"product","link":"https:\/\/streetmarkets.fr\/app\/produit\/robe-joli-dress-khaki-sand-xirena-50\/","title":{"rendered":"XIRENA Robe Joli Dress Khaki Sand -50%"},"content":{"rendered":"<p class=\"\">Robe longue fluide \u00e0 bretelles nou\u00e9es tress\u00e9es ajustables. Encolure arrondie, deux poches lat\u00e9rales. L\u00e9g\u00e8re et confortable. <\/p>\n<p class=\"\">D\u00e9tail : 100% coton<\/p>\n","protected":false},"excerpt":{"rendered":"<p>Robe longue fluide \u00e0 bretelles nou\u00e9es tress\u00e9es ajustables. Encolure arrondie, deux poches lat\u00e9rales. L\u00e9g\u00e8re et confortable. D\u00e9tail : 100% coton<\/p>\n","protected":false},"featured_media":708158,"comment_status":"open","ping_status":"closed","template":"","meta":[],"product_brand":[],"product_cat":[1756,1758],"product_tag":[2244],"acf":[],"_links":{"self":[{"href":"https:\/\/streetmarkets.fr\/app\/wp-json\/wp\/v2\/product\/708157"}],"collection":[{"href":"https:\/\/streetmarkets.fr\/app\/wp-json\/wp\/v2\/product"}],"about":[{"href":"https:\/\/streetmarkets.fr\/app\/wp-json\/wp\/v2\/types\/product"}],"replies":[{"embeddable":true,"href":"https:\/\/streetmarkets.fr\/app\/wp-json\/wp\/v2\/comments?post=708157"}],"wp:featuredmedia":[{"embeddable":true,"href":"https:\/\/streetmarkets.fr\/app\/wp-json\/wp\/v2\/media\/708158"}],"wp:attachment":[{"href":"https:\/\/streetmarkets.fr\/app\/wp-json\/wp\/v2\/media?parent=708157"}],"wp:term":[{"taxonomy":"product_brand","embeddable":true,"href":"https:\/\/streetmarkets.fr\/app\/wp-json\/wp\/v2\/product_brand?post=708157"},{"taxonomy":"product_cat","embeddable":true,"href":"https:\/\/streetmarkets.fr\/app\/wp-json\/wp\/v2\/product_cat?post=708157"},{"taxonomy":"product_tag","embeddable":true,"href":"https:\/\/streetmarkets.fr\/app\/wp-json\/wp\/v2\/product_tag?post=708157"}],"curies":[{"name":"wp","href":"https:\/\/api.w.org\/{rel}","templated":true}]}}