{"id":708132,"date":"2024-10-15T16:43:21","date_gmt":"2024-10-15T14:43:21","guid":{"rendered":"https:\/\/streetmarkets.fr\/app\/produit\/mules-plates-naturel-vanessa-bruno-50\/"},"modified":"2026-04-11T02:02:14","modified_gmt":"2026-04-11T00:02:14","slug":"mules-plates-naturel-vanessa-bruno-50","status":"publish","type":"product","link":"https:\/\/streetmarkets.fr\/app\/produit\/mules-plates-naturel-vanessa-bruno-50\/","title":{"rendered":"VANESSA BRUNO Mules Plates Naturel -50%"},"content":{"rendered":"<p class=\"\">Mules plates en cuir lisse et raphia.<br \/>D\u00e9tail de boucle \u00e0 l&#8217;avant de la sandale.<br \/>Semelle int\u00e9rieure en cuir<\/p>\n<p class=\"\">D\u00e9tail : Mati\u00e8re principale: 100% Vachette tannage v\u00e9getal. Mati\u00e8re secondaire: 100% Rafia. Doublure principale: 100% Vachette. Insole: 100% Vachette. Outsole: 100% Vachette.<\/p>\n<p class=\"\">Fabriqu\u00e9 au Portugal <\/p>\n<p class=\"\">Entretien : Appliquer un imperm\u00e9abilisant avant de porter les chaussures et renouveler l&#8217;op\u00e9ration tous les 6 mois. Entretenir r\u00e9guli\u00e8rement avec un chiffon doux, l\u00e9g\u00e8rement humide ou sec. En cas de forte pluie ou de liquide renvers\u00e9, tamponner avec un linge propre et laisser s\u00e9cher \u00e0 l&#8217;abri de toute source de chaleur. Le cuir \u00e9tant \u00e0 tannage v\u00e9g\u00e9tal, il est important de l&#8217;entretenir de mani\u00e8re r\u00e9guli\u00e8re. De plus, il se peut qu&#8217;une patine naturelle se forme avec le temps.<\/p>\n","protected":false},"excerpt":{"rendered":"<p>Mules plates en cuir lisse et raphia.D\u00e9tail de boucle \u00e0 l&#8217;avant de la sandale.Semelle int\u00e9rieure en cuir D\u00e9tail : Mati\u00e8re principale: 100% Vachette tannage v\u00e9getal. Mati\u00e8re secondaire: 100% Rafia. Doublure principale: 100% Vachette. Insole: 100% Vachette. Outsole: 100% Vachette. Fabriqu\u00e9 au Portugal Entretien : Appliquer un imperm\u00e9abilisant avant de porter les chaussures et renouveler l&#8217;op\u00e9ration [&hellip;]<\/p>\n","protected":false},"featured_media":708133,"comment_status":"open","ping_status":"closed","template":"","meta":[],"product_brand":[],"product_cat":[1756,1763],"product_tag":[2244],"acf":[],"_links":{"self":[{"href":"https:\/\/streetmarkets.fr\/app\/wp-json\/wp\/v2\/product\/708132"}],"collection":[{"href":"https:\/\/streetmarkets.fr\/app\/wp-json\/wp\/v2\/product"}],"about":[{"href":"https:\/\/streetmarkets.fr\/app\/wp-json\/wp\/v2\/types\/product"}],"replies":[{"embeddable":true,"href":"https:\/\/streetmarkets.fr\/app\/wp-json\/wp\/v2\/comments?post=708132"}],"wp:featuredmedia":[{"embeddable":true,"href":"https:\/\/streetmarkets.fr\/app\/wp-json\/wp\/v2\/media\/708133"}],"wp:attachment":[{"href":"https:\/\/streetmarkets.fr\/app\/wp-json\/wp\/v2\/media?parent=708132"}],"wp:term":[{"taxonomy":"product_brand","embeddable":true,"href":"https:\/\/streetmarkets.fr\/app\/wp-json\/wp\/v2\/product_brand?post=708132"},{"taxonomy":"product_cat","embeddable":true,"href":"https:\/\/streetmarkets.fr\/app\/wp-json\/wp\/v2\/product_cat?post=708132"},{"taxonomy":"product_tag","embeddable":true,"href":"https:\/\/streetmarkets.fr\/app\/wp-json\/wp\/v2\/product_tag?post=708132"}],"curies":[{"name":"wp","href":"https:\/\/api.w.org\/{rel}","templated":true}]}}