{"id":708108,"date":"2024-10-15T16:43:20","date_gmt":"2024-10-15T14:43:20","guid":{"rendered":"https:\/\/streetmarkets.fr\/app\/produit\/robe-coton-crochet-blanche-pomandere-50\/"},"modified":"2026-05-06T02:02:12","modified_gmt":"2026-05-06T00:02:12","slug":"robe-coton-crochet-blanche-pomandere-50","status":"publish","type":"product","link":"https:\/\/streetmarkets.fr\/app\/produit\/robe-coton-crochet-blanche-pomandere-50\/","title":{"rendered":"POMAND\u00c8RE Robe Coton Crochet Blanche -50%"},"content":{"rendered":"<p class=\"\">Robe en crochet en coton volume trap\u00e8ze, petites bretelles, encolure en V, doubl\u00e9e. \u00c9galement disponible en Noir<\/p>\n<p class=\"\">D\u00e9tail : 80% coton, 20% polyamide<\/p>\n<p class=\"\">Fabriqu\u00e9 en Italie<\/p>\n","protected":false},"excerpt":{"rendered":"<p>Robe en crochet en coton volume trap\u00e8ze, petites bretelles, encolure en V, doubl\u00e9e. \u00c9galement disponible en Noir D\u00e9tail : 80% coton, 20% polyamide Fabriqu\u00e9 en Italie<\/p>\n","protected":false},"featured_media":708109,"comment_status":"open","ping_status":"closed","template":"","meta":[],"product_brand":[],"product_cat":[1756,1758],"product_tag":[2244],"acf":[],"_links":{"self":[{"href":"https:\/\/streetmarkets.fr\/app\/wp-json\/wp\/v2\/product\/708108"}],"collection":[{"href":"https:\/\/streetmarkets.fr\/app\/wp-json\/wp\/v2\/product"}],"about":[{"href":"https:\/\/streetmarkets.fr\/app\/wp-json\/wp\/v2\/types\/product"}],"replies":[{"embeddable":true,"href":"https:\/\/streetmarkets.fr\/app\/wp-json\/wp\/v2\/comments?post=708108"}],"wp:featuredmedia":[{"embeddable":true,"href":"https:\/\/streetmarkets.fr\/app\/wp-json\/wp\/v2\/media\/708109"}],"wp:attachment":[{"href":"https:\/\/streetmarkets.fr\/app\/wp-json\/wp\/v2\/media?parent=708108"}],"wp:term":[{"taxonomy":"product_brand","embeddable":true,"href":"https:\/\/streetmarkets.fr\/app\/wp-json\/wp\/v2\/product_brand?post=708108"},{"taxonomy":"product_cat","embeddable":true,"href":"https:\/\/streetmarkets.fr\/app\/wp-json\/wp\/v2\/product_cat?post=708108"},{"taxonomy":"product_tag","embeddable":true,"href":"https:\/\/streetmarkets.fr\/app\/wp-json\/wp\/v2\/product_tag?post=708108"}],"curies":[{"name":"wp","href":"https:\/\/api.w.org\/{rel}","templated":true}]}}