{"id":708090,"date":"2024-10-15T16:43:18","date_gmt":"2024-10-15T14:43:18","guid":{"rendered":"https:\/\/streetmarkets.fr\/app\/produit\/sac-the-new-society-hibiscus-bag-the-new-society\/"},"modified":"2026-01-21T01:03:24","modified_gmt":"2026-01-21T00:03:24","slug":"sac-the-new-society-hibiscus-bag-the-new-society","status":"publish","type":"product","link":"https:\/\/streetmarkets.fr\/app\/produit\/sac-the-new-society-hibiscus-bag-the-new-society\/","title":{"rendered":"THE NEW SOCIETY Sac The New Society Hibiscus Bag"},"content":{"rendered":"<p class=\"\">Tote bag en coton motif  floral, pour un port\u00e9 main ou \u00e9paule. Ses dimensions : 34x36x14cm, anses 58 cm.<\/p>\n<p class=\"\">D\u00e9tail : 100% coton bio.<\/p>\n","protected":false},"excerpt":{"rendered":"<p>Tote bag en coton motif floral, pour un port\u00e9 main ou \u00e9paule. Ses dimensions : 34x36x14cm, anses 58 cm. D\u00e9tail : 100% coton bio.<\/p>\n","protected":false},"featured_media":708091,"comment_status":"open","ping_status":"closed","template":"","meta":[],"product_brand":[],"product_cat":[1756,1764],"product_tag":[2244],"acf":[],"_links":{"self":[{"href":"https:\/\/streetmarkets.fr\/app\/wp-json\/wp\/v2\/product\/708090"}],"collection":[{"href":"https:\/\/streetmarkets.fr\/app\/wp-json\/wp\/v2\/product"}],"about":[{"href":"https:\/\/streetmarkets.fr\/app\/wp-json\/wp\/v2\/types\/product"}],"replies":[{"embeddable":true,"href":"https:\/\/streetmarkets.fr\/app\/wp-json\/wp\/v2\/comments?post=708090"}],"wp:featuredmedia":[{"embeddable":true,"href":"https:\/\/streetmarkets.fr\/app\/wp-json\/wp\/v2\/media\/708091"}],"wp:attachment":[{"href":"https:\/\/streetmarkets.fr\/app\/wp-json\/wp\/v2\/media?parent=708090"}],"wp:term":[{"taxonomy":"product_brand","embeddable":true,"href":"https:\/\/streetmarkets.fr\/app\/wp-json\/wp\/v2\/product_brand?post=708090"},{"taxonomy":"product_cat","embeddable":true,"href":"https:\/\/streetmarkets.fr\/app\/wp-json\/wp\/v2\/product_cat?post=708090"},{"taxonomy":"product_tag","embeddable":true,"href":"https:\/\/streetmarkets.fr\/app\/wp-json\/wp\/v2\/product_tag?post=708090"}],"curies":[{"name":"wp","href":"https:\/\/api.w.org\/{rel}","templated":true}]}}