{"id":708085,"date":"2024-10-15T16:43:18","date_gmt":"2024-10-15T14:43:18","guid":{"rendered":"https:\/\/streetmarkets.fr\/app\/produit\/blouse-olivia-leo-the-new-society-60\/"},"modified":"2026-01-21T01:03:24","modified_gmt":"2026-01-21T00:03:24","slug":"blouse-olivia-leo-the-new-society-60","status":"publish","type":"product","link":"https:\/\/streetmarkets.fr\/app\/produit\/blouse-olivia-leo-the-new-society-60\/","title":{"rendered":"THE NEW SOCIETY Blouse Olivia Leo -60%"},"content":{"rendered":"<p class=\"\">Blouse en coton \u00e0 motif l\u00e9opard, coupe ample, petite ouverture devant avec lien \u00e0 nouer, manches longues et poignets resserr\u00e9s, emmanchure large. Douce et l\u00e9g\u00e8re.<\/p>\n<p class=\"\">D\u00e9tail : 100% coton<\/p>\n","protected":false},"excerpt":{"rendered":"<p>Blouse en coton \u00e0 motif l\u00e9opard, coupe ample, petite ouverture devant avec lien \u00e0 nouer, manches longues et poignets resserr\u00e9s, emmanchure large. Douce et l\u00e9g\u00e8re. D\u00e9tail : 100% coton<\/p>\n","protected":false},"featured_media":708086,"comment_status":"open","ping_status":"closed","template":"","meta":[],"product_brand":[],"product_cat":[1756,1758],"product_tag":[2244],"acf":[],"_links":{"self":[{"href":"https:\/\/streetmarkets.fr\/app\/wp-json\/wp\/v2\/product\/708085"}],"collection":[{"href":"https:\/\/streetmarkets.fr\/app\/wp-json\/wp\/v2\/product"}],"about":[{"href":"https:\/\/streetmarkets.fr\/app\/wp-json\/wp\/v2\/types\/product"}],"replies":[{"embeddable":true,"href":"https:\/\/streetmarkets.fr\/app\/wp-json\/wp\/v2\/comments?post=708085"}],"wp:featuredmedia":[{"embeddable":true,"href":"https:\/\/streetmarkets.fr\/app\/wp-json\/wp\/v2\/media\/708086"}],"wp:attachment":[{"href":"https:\/\/streetmarkets.fr\/app\/wp-json\/wp\/v2\/media?parent=708085"}],"wp:term":[{"taxonomy":"product_brand","embeddable":true,"href":"https:\/\/streetmarkets.fr\/app\/wp-json\/wp\/v2\/product_brand?post=708085"},{"taxonomy":"product_cat","embeddable":true,"href":"https:\/\/streetmarkets.fr\/app\/wp-json\/wp\/v2\/product_cat?post=708085"},{"taxonomy":"product_tag","embeddable":true,"href":"https:\/\/streetmarkets.fr\/app\/wp-json\/wp\/v2\/product_tag?post=708085"}],"curies":[{"name":"wp","href":"https:\/\/api.w.org\/{rel}","templated":true}]}}