{"id":708071,"date":"2024-10-15T16:43:17","date_gmt":"2024-10-15T14:43:17","guid":{"rendered":"https:\/\/streetmarkets.fr\/app\/produit\/robe-bandana-tunic-the-new-society-60\/"},"modified":"2026-01-21T01:03:24","modified_gmt":"2026-01-21T00:03:24","slug":"robe-bandana-tunic-the-new-society-60","status":"publish","type":"product","link":"https:\/\/streetmarkets.fr\/app\/produit\/robe-bandana-tunic-the-new-society-60\/","title":{"rendered":"THE NEW SOCIETY Robe Bandana Tunic -60%"},"content":{"rendered":"<p class=\"\">Robe en coton bio coupe ample, \u00e0 motif bandana, encolure arrondie, boutonn\u00e9e sur toute la hauteur devant. Manches longues, emmanchure large.<\/p>\n<p class=\"\">D\u00e9tail : 100% coton bio<\/p>\n","protected":false},"excerpt":{"rendered":"<p>Robe en coton bio coupe ample, \u00e0 motif bandana, encolure arrondie, boutonn\u00e9e sur toute la hauteur devant. Manches longues, emmanchure large. D\u00e9tail : 100% coton bio<\/p>\n","protected":false},"featured_media":708072,"comment_status":"open","ping_status":"closed","template":"","meta":[],"product_brand":[],"product_cat":[1756,1758],"product_tag":[2244],"acf":[],"_links":{"self":[{"href":"https:\/\/streetmarkets.fr\/app\/wp-json\/wp\/v2\/product\/708071"}],"collection":[{"href":"https:\/\/streetmarkets.fr\/app\/wp-json\/wp\/v2\/product"}],"about":[{"href":"https:\/\/streetmarkets.fr\/app\/wp-json\/wp\/v2\/types\/product"}],"replies":[{"embeddable":true,"href":"https:\/\/streetmarkets.fr\/app\/wp-json\/wp\/v2\/comments?post=708071"}],"wp:featuredmedia":[{"embeddable":true,"href":"https:\/\/streetmarkets.fr\/app\/wp-json\/wp\/v2\/media\/708072"}],"wp:attachment":[{"href":"https:\/\/streetmarkets.fr\/app\/wp-json\/wp\/v2\/media?parent=708071"}],"wp:term":[{"taxonomy":"product_brand","embeddable":true,"href":"https:\/\/streetmarkets.fr\/app\/wp-json\/wp\/v2\/product_brand?post=708071"},{"taxonomy":"product_cat","embeddable":true,"href":"https:\/\/streetmarkets.fr\/app\/wp-json\/wp\/v2\/product_cat?post=708071"},{"taxonomy":"product_tag","embeddable":true,"href":"https:\/\/streetmarkets.fr\/app\/wp-json\/wp\/v2\/product_tag?post=708071"}],"curies":[{"name":"wp","href":"https:\/\/api.w.org\/{rel}","templated":true}]}}