{"id":708048,"date":"2024-10-15T16:43:14","date_gmt":"2024-10-15T14:43:14","guid":{"rendered":"https:\/\/streetmarkets.fr\/app\/produit\/chemise-sidney-marron-vanessa-bruno-60\/"},"modified":"2026-05-13T02:02:13","modified_gmt":"2026-05-13T00:02:13","slug":"chemise-sidney-marron-vanessa-bruno-60","status":"publish","type":"product","link":"https:\/\/streetmarkets.fr\/app\/produit\/chemise-sidney-marron-vanessa-bruno-60\/","title":{"rendered":"VANESSA BRUNO Chemise Sidney Marron -50%"},"content":{"rendered":"<p class=\"\">Chemise en coton coupe droite, volants sur le col, manches longues, poignets resserr\u00e9s et boutonn\u00e9e.<\/p>\n<p class=\"\">D\u00e9tail : 100% coton<\/p>\n","protected":false},"excerpt":{"rendered":"<p>Chemise en coton coupe droite, volants sur le col, manches longues, poignets resserr\u00e9s et boutonn\u00e9e. D\u00e9tail : 100% coton<\/p>\n","protected":false},"featured_media":708049,"comment_status":"open","ping_status":"closed","template":"","meta":[],"product_brand":[],"product_cat":[1756,1758],"product_tag":[2244],"acf":[],"_links":{"self":[{"href":"https:\/\/streetmarkets.fr\/app\/wp-json\/wp\/v2\/product\/708048"}],"collection":[{"href":"https:\/\/streetmarkets.fr\/app\/wp-json\/wp\/v2\/product"}],"about":[{"href":"https:\/\/streetmarkets.fr\/app\/wp-json\/wp\/v2\/types\/product"}],"replies":[{"embeddable":true,"href":"https:\/\/streetmarkets.fr\/app\/wp-json\/wp\/v2\/comments?post=708048"}],"wp:featuredmedia":[{"embeddable":true,"href":"https:\/\/streetmarkets.fr\/app\/wp-json\/wp\/v2\/media\/708049"}],"wp:attachment":[{"href":"https:\/\/streetmarkets.fr\/app\/wp-json\/wp\/v2\/media?parent=708048"}],"wp:term":[{"taxonomy":"product_brand","embeddable":true,"href":"https:\/\/streetmarkets.fr\/app\/wp-json\/wp\/v2\/product_brand?post=708048"},{"taxonomy":"product_cat","embeddable":true,"href":"https:\/\/streetmarkets.fr\/app\/wp-json\/wp\/v2\/product_cat?post=708048"},{"taxonomy":"product_tag","embeddable":true,"href":"https:\/\/streetmarkets.fr\/app\/wp-json\/wp\/v2\/product_tag?post=708048"}],"curies":[{"name":"wp","href":"https:\/\/api.w.org\/{rel}","templated":true}]}}