{"id":708002,"date":"2024-10-15T16:43:10","date_gmt":"2024-10-15T14:43:10","guid":{"rendered":"https:\/\/streetmarkets.fr\/app\/produit\/collier-len-cooperative-de-creation-70\/"},"modified":"2026-05-06T02:02:11","modified_gmt":"2026-05-06T00:02:11","slug":"collier-len-cooperative-de-creation-70","status":"publish","type":"product","link":"https:\/\/streetmarkets.fr\/app\/produit\/collier-len-cooperative-de-creation-70\/","title":{"rendered":"COOPERATIVE DE CREATION Collier Len -70%"},"content":{"rendered":"<p class=\"\">Collier ajustable, perles en bois, bronze et coton tress\u00e9, inspiration des colliers Mala bouddhistes. Longueur maximale du collier 50cm. Fabrication artisanale \u00e0 Bali. On le porte sur une robe florale, un pull Masscob ou une blouse Pomand\u00e8re, c\u2019est un collier r\u00e9confortant, un vrai bijou Good Vibes qui se porte sur tout, \u00e0 tout moment.<\/p>\n<p class=\"\">D\u00e9tail : Bois, bronze et coton doux tress\u00e9<\/p>\n<p class=\"\">Cr\u00e9ateurs fran\u00e7ais \u00e9tablis \u00e0 Bali, Mathias et Melanie ont fond\u00e9 Coop\u00e9rative de Cr\u00e9ation suivant la philosophie Wabisabi, la beaut\u00e9 de l\u2019imperfection. Coop\u00e9rative de Cr\u00e9ation est une marque hautement influenc\u00e9e par la beaut\u00e9 et la vie artistique de Bali, dont ils sont tomb\u00e9s amoureux, o\u00f9 la simplicit\u00e9 et la joie de vivre mettent en avant la subtilit\u00e9 et le raffinement des choses simples et pleines d humilit\u00e9.<\/p>\n<p class=\"\">Toutes les cr\u00e9ations Coop\u00e9rative de Cr\u00e9ation sont con\u00e7ues avec une philosophie de l\u2019instant et une c\u00e9l\u00e9bration de l\u2019art et du raffinement perceptibles dans chaque jour de la vie.<\/p>\n","protected":false},"excerpt":{"rendered":"<p>Collier ajustable, perles en bois, bronze et coton tress\u00e9, inspiration des colliers Mala bouddhistes. Longueur maximale du collier 50cm. Fabrication artisanale \u00e0 Bali. On le porte sur une robe florale, un pull Masscob ou une blouse Pomand\u00e8re, c\u2019est un collier r\u00e9confortant, un vrai bijou Good Vibes qui se porte sur tout, \u00e0 tout moment. D\u00e9tail [&hellip;]<\/p>\n","protected":false},"featured_media":708003,"comment_status":"open","ping_status":"closed","template":"","meta":[],"product_brand":[],"product_cat":[1807,1756],"product_tag":[2244],"acf":[],"_links":{"self":[{"href":"https:\/\/streetmarkets.fr\/app\/wp-json\/wp\/v2\/product\/708002"}],"collection":[{"href":"https:\/\/streetmarkets.fr\/app\/wp-json\/wp\/v2\/product"}],"about":[{"href":"https:\/\/streetmarkets.fr\/app\/wp-json\/wp\/v2\/types\/product"}],"replies":[{"embeddable":true,"href":"https:\/\/streetmarkets.fr\/app\/wp-json\/wp\/v2\/comments?post=708002"}],"wp:featuredmedia":[{"embeddable":true,"href":"https:\/\/streetmarkets.fr\/app\/wp-json\/wp\/v2\/media\/708003"}],"wp:attachment":[{"href":"https:\/\/streetmarkets.fr\/app\/wp-json\/wp\/v2\/media?parent=708002"}],"wp:term":[{"taxonomy":"product_brand","embeddable":true,"href":"https:\/\/streetmarkets.fr\/app\/wp-json\/wp\/v2\/product_brand?post=708002"},{"taxonomy":"product_cat","embeddable":true,"href":"https:\/\/streetmarkets.fr\/app\/wp-json\/wp\/v2\/product_cat?post=708002"},{"taxonomy":"product_tag","embeddable":true,"href":"https:\/\/streetmarkets.fr\/app\/wp-json\/wp\/v2\/product_tag?post=708002"}],"curies":[{"name":"wp","href":"https:\/\/api.w.org\/{rel}","templated":true}]}}