{"id":707991,"date":"2024-10-15T16:43:09","date_gmt":"2024-10-15T14:43:09","guid":{"rendered":"https:\/\/streetmarkets.fr\/app\/produit\/jean-charcoal-pomandere-50\/"},"modified":"2025-02-26T01:01:22","modified_gmt":"2025-02-26T00:01:22","slug":"jean-charcoal-pomandere-50","status":"publish","type":"product","link":"https:\/\/streetmarkets.fr\/app\/produit\/jean-charcoal-pomandere-50\/","title":{"rendered":"POMAND\u00c8RE Jean Charcoal -50%"},"content":{"rendered":"<p class=\"\">Jean taille haute en coton, jambe droite l\u00e9g\u00e8rement \u00e9vas\u00e9. Deux poches lat\u00e9rales et deux poches plaqu\u00e9es dans le dos. <\/p>\n<p class=\"\">D\u00e9tail : 100% coton.<\/p>\n","protected":false},"excerpt":{"rendered":"<p>Jean taille haute en coton, jambe droite l\u00e9g\u00e8rement \u00e9vas\u00e9. Deux poches lat\u00e9rales et deux poches plaqu\u00e9es dans le dos. D\u00e9tail : 100% coton.<\/p>\n","protected":false},"featured_media":707992,"comment_status":"open","ping_status":"closed","template":"","meta":[],"product_brand":[],"product_cat":[1756,1758],"product_tag":[2244],"acf":[],"_links":{"self":[{"href":"https:\/\/streetmarkets.fr\/app\/wp-json\/wp\/v2\/product\/707991"}],"collection":[{"href":"https:\/\/streetmarkets.fr\/app\/wp-json\/wp\/v2\/product"}],"about":[{"href":"https:\/\/streetmarkets.fr\/app\/wp-json\/wp\/v2\/types\/product"}],"replies":[{"embeddable":true,"href":"https:\/\/streetmarkets.fr\/app\/wp-json\/wp\/v2\/comments?post=707991"}],"wp:featuredmedia":[{"embeddable":true,"href":"https:\/\/streetmarkets.fr\/app\/wp-json\/wp\/v2\/media\/707992"}],"wp:attachment":[{"href":"https:\/\/streetmarkets.fr\/app\/wp-json\/wp\/v2\/media?parent=707991"}],"wp:term":[{"taxonomy":"product_brand","embeddable":true,"href":"https:\/\/streetmarkets.fr\/app\/wp-json\/wp\/v2\/product_brand?post=707991"},{"taxonomy":"product_cat","embeddable":true,"href":"https:\/\/streetmarkets.fr\/app\/wp-json\/wp\/v2\/product_cat?post=707991"},{"taxonomy":"product_tag","embeddable":true,"href":"https:\/\/streetmarkets.fr\/app\/wp-json\/wp\/v2\/product_tag?post=707991"}],"curies":[{"name":"wp","href":"https:\/\/api.w.org\/{rel}","templated":true}]}}