{"id":707985,"date":"2024-10-15T16:43:09","date_gmt":"2024-10-15T14:43:09","guid":{"rendered":"https:\/\/streetmarkets.fr\/app\/produit\/t-shirt-betsy-sand-the-new-society-30\/"},"modified":"2026-01-21T01:03:22","modified_gmt":"2026-01-21T00:03:22","slug":"t-shirt-betsy-sand-the-new-society-30","status":"publish","type":"product","link":"https:\/\/streetmarkets.fr\/app\/produit\/t-shirt-betsy-sand-the-new-society-30\/","title":{"rendered":"THE NEW SOCIETY T-shirt Betsy Sand -30%"},"content":{"rendered":"<p class=\"\">T-shirt coupe ajust\u00e9e, petit col l\u00e9g\u00e8rement remont\u00e9, manches longues. Doux et chaud. \u00c9galement disponible dans la couleur Navy. <\/p>\n<p class=\"\">D\u00e9tail : 95% coton BCI, 5% \u00e9lasthanne<\/p>\n","protected":false},"excerpt":{"rendered":"<p>T-shirt coupe ajust\u00e9e, petit col l\u00e9g\u00e8rement remont\u00e9, manches longues. Doux et chaud. \u00c9galement disponible dans la couleur Navy. D\u00e9tail : 95% coton BCI, 5% \u00e9lasthanne<\/p>\n","protected":false},"featured_media":707986,"comment_status":"open","ping_status":"closed","template":"","meta":[],"product_brand":[],"product_cat":[1756,1758],"product_tag":[2244],"acf":[],"_links":{"self":[{"href":"https:\/\/streetmarkets.fr\/app\/wp-json\/wp\/v2\/product\/707985"}],"collection":[{"href":"https:\/\/streetmarkets.fr\/app\/wp-json\/wp\/v2\/product"}],"about":[{"href":"https:\/\/streetmarkets.fr\/app\/wp-json\/wp\/v2\/types\/product"}],"replies":[{"embeddable":true,"href":"https:\/\/streetmarkets.fr\/app\/wp-json\/wp\/v2\/comments?post=707985"}],"wp:featuredmedia":[{"embeddable":true,"href":"https:\/\/streetmarkets.fr\/app\/wp-json\/wp\/v2\/media\/707986"}],"wp:attachment":[{"href":"https:\/\/streetmarkets.fr\/app\/wp-json\/wp\/v2\/media?parent=707985"}],"wp:term":[{"taxonomy":"product_brand","embeddable":true,"href":"https:\/\/streetmarkets.fr\/app\/wp-json\/wp\/v2\/product_brand?post=707985"},{"taxonomy":"product_cat","embeddable":true,"href":"https:\/\/streetmarkets.fr\/app\/wp-json\/wp\/v2\/product_cat?post=707985"},{"taxonomy":"product_tag","embeddable":true,"href":"https:\/\/streetmarkets.fr\/app\/wp-json\/wp\/v2\/product_tag?post=707985"}],"curies":[{"name":"wp","href":"https:\/\/api.w.org\/{rel}","templated":true}]}}