{"id":707980,"date":"2024-10-15T16:43:08","date_gmt":"2024-10-15T14:43:08","guid":{"rendered":"https:\/\/streetmarkets.fr\/app\/produit\/jupe-sacha-cream-paisley-xirena-60\/"},"modified":"2026-01-21T01:03:22","modified_gmt":"2026-01-21T00:03:22","slug":"jupe-sacha-cream-paisley-xirena-60","status":"publish","type":"product","link":"https:\/\/streetmarkets.fr\/app\/produit\/jupe-sacha-cream-paisley-xirena-60\/","title":{"rendered":"XIRENA Jupe Sacha Cream Paisley -60%"},"content":{"rendered":"<p class=\"\">Jupe longue \u00e0 motif floral, \u00e9lastique \u00e0 la taille avec un petit lien de serrage, douce et fluide. Deux poches lat\u00e9rales. <\/p>\n<p class=\"\">D\u00e9tail : 100% rayon. <\/p>\n","protected":false},"excerpt":{"rendered":"<p>Jupe longue \u00e0 motif floral, \u00e9lastique \u00e0 la taille avec un petit lien de serrage, douce et fluide. Deux poches lat\u00e9rales. D\u00e9tail : 100% rayon.<\/p>\n","protected":false},"featured_media":707981,"comment_status":"open","ping_status":"closed","template":"","meta":[],"product_brand":[],"product_cat":[1756,1758],"product_tag":[2244],"acf":[],"_links":{"self":[{"href":"https:\/\/streetmarkets.fr\/app\/wp-json\/wp\/v2\/product\/707980"}],"collection":[{"href":"https:\/\/streetmarkets.fr\/app\/wp-json\/wp\/v2\/product"}],"about":[{"href":"https:\/\/streetmarkets.fr\/app\/wp-json\/wp\/v2\/types\/product"}],"replies":[{"embeddable":true,"href":"https:\/\/streetmarkets.fr\/app\/wp-json\/wp\/v2\/comments?post=707980"}],"wp:featuredmedia":[{"embeddable":true,"href":"https:\/\/streetmarkets.fr\/app\/wp-json\/wp\/v2\/media\/707981"}],"wp:attachment":[{"href":"https:\/\/streetmarkets.fr\/app\/wp-json\/wp\/v2\/media?parent=707980"}],"wp:term":[{"taxonomy":"product_brand","embeddable":true,"href":"https:\/\/streetmarkets.fr\/app\/wp-json\/wp\/v2\/product_brand?post=707980"},{"taxonomy":"product_cat","embeddable":true,"href":"https:\/\/streetmarkets.fr\/app\/wp-json\/wp\/v2\/product_cat?post=707980"},{"taxonomy":"product_tag","embeddable":true,"href":"https:\/\/streetmarkets.fr\/app\/wp-json\/wp\/v2\/product_tag?post=707980"}],"curies":[{"name":"wp","href":"https:\/\/api.w.org\/{rel}","templated":true}]}}