{"id":707958,"date":"2024-10-15T16:43:06","date_gmt":"2024-10-15T14:43:06","guid":{"rendered":"https:\/\/streetmarkets.fr\/app\/produit\/collier-love-note-amethyste-holi-editions-50\/"},"modified":"2026-04-29T02:01:28","modified_gmt":"2026-04-29T00:01:28","slug":"collier-love-note-amethyste-holi-editions-50","status":"publish","type":"product","link":"https:\/\/streetmarkets.fr\/app\/produit\/collier-love-note-amethyste-holi-editions-50\/","title":{"rendered":"Collier Love Note Am\u00e9thyste Holi Editions -50%"},"content":{"rendered":"<p class=\"\">Le collier Love Note choker est compos\u00e9 de p\u00e9pites d\u2019Am\u00e9thyste qui s\u2019enroulent autour du cou pour apporter leurs bienfaits relaxants, avec au centre un quartz rose et deux grenats. Longueur ajustable 34 &#8211; 38cm. Le bracelet Love Note est plaqu\u00e9 or 14 carats et est enti\u00e8rement r\u00e9alis\u00e9 \u00e0 la main. <\/p>\n","protected":false},"excerpt":{"rendered":"<p>Le collier Love Note choker est compos\u00e9 de p\u00e9pites d\u2019Am\u00e9thyste qui s\u2019enroulent autour du cou pour apporter leurs bienfaits relaxants, avec au centre un quartz rose et deux grenats. Longueur ajustable 34 &#8211; 38cm. Le bracelet Love Note est plaqu\u00e9 or 14 carats et est enti\u00e8rement r\u00e9alis\u00e9 \u00e0 la main.<\/p>\n","protected":false},"featured_media":707959,"comment_status":"open","ping_status":"closed","template":"","meta":[],"product_brand":[],"product_cat":[1807,1756],"product_tag":[2244],"acf":[],"_links":{"self":[{"href":"https:\/\/streetmarkets.fr\/app\/wp-json\/wp\/v2\/product\/707958"}],"collection":[{"href":"https:\/\/streetmarkets.fr\/app\/wp-json\/wp\/v2\/product"}],"about":[{"href":"https:\/\/streetmarkets.fr\/app\/wp-json\/wp\/v2\/types\/product"}],"replies":[{"embeddable":true,"href":"https:\/\/streetmarkets.fr\/app\/wp-json\/wp\/v2\/comments?post=707958"}],"wp:featuredmedia":[{"embeddable":true,"href":"https:\/\/streetmarkets.fr\/app\/wp-json\/wp\/v2\/media\/707959"}],"wp:attachment":[{"href":"https:\/\/streetmarkets.fr\/app\/wp-json\/wp\/v2\/media?parent=707958"}],"wp:term":[{"taxonomy":"product_brand","embeddable":true,"href":"https:\/\/streetmarkets.fr\/app\/wp-json\/wp\/v2\/product_brand?post=707958"},{"taxonomy":"product_cat","embeddable":true,"href":"https:\/\/streetmarkets.fr\/app\/wp-json\/wp\/v2\/product_cat?post=707958"},{"taxonomy":"product_tag","embeddable":true,"href":"https:\/\/streetmarkets.fr\/app\/wp-json\/wp\/v2\/product_tag?post=707958"}],"curies":[{"name":"wp","href":"https:\/\/api.w.org\/{rel}","templated":true}]}}