{"id":707954,"date":"2024-10-15T16:43:06","date_gmt":"2024-10-15T14:43:06","guid":{"rendered":"https:\/\/streetmarkets.fr\/app\/produit\/bracelet-eye-for-soul-lapis-lazuli-holi-editions-50\/"},"modified":"2026-05-06T02:01:20","modified_gmt":"2026-05-06T00:01:20","slug":"bracelet-eye-for-soul-lapis-lazuli-holi-editions-50","status":"publish","type":"product","link":"https:\/\/streetmarkets.fr\/app\/produit\/bracelet-eye-for-soul-lapis-lazuli-holi-editions-50\/","title":{"rendered":"Bracelet Eye for Soul Lapis Lazuli Holi Editions -50%"},"content":{"rendered":"<p class=\"\">Le bracelet Eye for Soul est compos\u00e9 de pierres fines Lapis Lazuli qui s\u2019enroulent autour du poignet pour apporter leurs bienfaits avec au centre une perle d\u2019eau douce en forme d\u2019oeil protecteur et deux grenats. Le bracelet est plaqu\u00e9 or 14 carats et enti\u00e8rement r\u00e9alis\u00e9 \u00e0 la main.<\/p>\n<p class=\"\">\n","protected":false},"excerpt":{"rendered":"<p>Le bracelet Eye for Soul est compos\u00e9 de pierres fines Lapis Lazuli qui s\u2019enroulent autour du poignet pour apporter leurs bienfaits avec au centre une perle d\u2019eau douce en forme d\u2019oeil protecteur et deux grenats. Le bracelet est plaqu\u00e9 or 14 carats et enti\u00e8rement r\u00e9alis\u00e9 \u00e0 la main.<\/p>\n","protected":false},"featured_media":707955,"comment_status":"open","ping_status":"closed","template":"","meta":[],"product_brand":[],"product_cat":[1807,1756],"product_tag":[2244],"acf":[],"_links":{"self":[{"href":"https:\/\/streetmarkets.fr\/app\/wp-json\/wp\/v2\/product\/707954"}],"collection":[{"href":"https:\/\/streetmarkets.fr\/app\/wp-json\/wp\/v2\/product"}],"about":[{"href":"https:\/\/streetmarkets.fr\/app\/wp-json\/wp\/v2\/types\/product"}],"replies":[{"embeddable":true,"href":"https:\/\/streetmarkets.fr\/app\/wp-json\/wp\/v2\/comments?post=707954"}],"wp:featuredmedia":[{"embeddable":true,"href":"https:\/\/streetmarkets.fr\/app\/wp-json\/wp\/v2\/media\/707955"}],"wp:attachment":[{"href":"https:\/\/streetmarkets.fr\/app\/wp-json\/wp\/v2\/media?parent=707954"}],"wp:term":[{"taxonomy":"product_brand","embeddable":true,"href":"https:\/\/streetmarkets.fr\/app\/wp-json\/wp\/v2\/product_brand?post=707954"},{"taxonomy":"product_cat","embeddable":true,"href":"https:\/\/streetmarkets.fr\/app\/wp-json\/wp\/v2\/product_cat?post=707954"},{"taxonomy":"product_tag","embeddable":true,"href":"https:\/\/streetmarkets.fr\/app\/wp-json\/wp\/v2\/product_tag?post=707954"}],"curies":[{"name":"wp","href":"https:\/\/api.w.org\/{rel}","templated":true}]}}