{"id":707950,"date":"2024-10-15T16:43:06","date_gmt":"2024-10-15T14:43:06","guid":{"rendered":"https:\/\/streetmarkets.fr\/app\/produit\/bracelet-love-note-amethyste-holi-editions-50\/"},"modified":"2026-05-02T02:01:35","modified_gmt":"2026-05-02T00:01:35","slug":"bracelet-love-note-amethyste-holi-editions-50","status":"publish","type":"product","link":"https:\/\/streetmarkets.fr\/app\/produit\/bracelet-love-note-amethyste-holi-editions-50\/","title":{"rendered":"Bracelet Love Note Am\u00e9thyste Holi Editions -50%"},"content":{"rendered":"<p class=\"\">Le bracelet Love Note est compos\u00e9 de pierres fines qui s\u2019enroulent autour du poignet pour apporter leurs bienfaits avec au centre un quartz rose et deux grenats. Le bracelet est plaqu\u00e9 or 14 carats et enti\u00e8rement r\u00e9alis\u00e9 \u00e0 la main. <\/p>\n<p class=\"\">\n","protected":false},"excerpt":{"rendered":"<p>Le bracelet Love Note est compos\u00e9 de pierres fines qui s\u2019enroulent autour du poignet pour apporter leurs bienfaits avec au centre un quartz rose et deux grenats. Le bracelet est plaqu\u00e9 or 14 carats et enti\u00e8rement r\u00e9alis\u00e9 \u00e0 la main.<\/p>\n","protected":false},"featured_media":707951,"comment_status":"open","ping_status":"closed","template":"","meta":[],"product_brand":[],"product_cat":[1807,1756],"product_tag":[2244],"acf":[],"_links":{"self":[{"href":"https:\/\/streetmarkets.fr\/app\/wp-json\/wp\/v2\/product\/707950"}],"collection":[{"href":"https:\/\/streetmarkets.fr\/app\/wp-json\/wp\/v2\/product"}],"about":[{"href":"https:\/\/streetmarkets.fr\/app\/wp-json\/wp\/v2\/types\/product"}],"replies":[{"embeddable":true,"href":"https:\/\/streetmarkets.fr\/app\/wp-json\/wp\/v2\/comments?post=707950"}],"wp:featuredmedia":[{"embeddable":true,"href":"https:\/\/streetmarkets.fr\/app\/wp-json\/wp\/v2\/media\/707951"}],"wp:attachment":[{"href":"https:\/\/streetmarkets.fr\/app\/wp-json\/wp\/v2\/media?parent=707950"}],"wp:term":[{"taxonomy":"product_brand","embeddable":true,"href":"https:\/\/streetmarkets.fr\/app\/wp-json\/wp\/v2\/product_brand?post=707950"},{"taxonomy":"product_cat","embeddable":true,"href":"https:\/\/streetmarkets.fr\/app\/wp-json\/wp\/v2\/product_cat?post=707950"},{"taxonomy":"product_tag","embeddable":true,"href":"https:\/\/streetmarkets.fr\/app\/wp-json\/wp\/v2\/product_tag?post=707950"}],"curies":[{"name":"wp","href":"https:\/\/api.w.org\/{rel}","templated":true}]}}