{"id":707924,"date":"2024-10-15T16:42:25","date_gmt":"2024-10-15T14:42:25","guid":{"rendered":"https:\/\/streetmarkets.fr\/app\/produit\/robe-maryland-green-bellepiece-50\/"},"modified":"2025-09-17T02:04:32","modified_gmt":"2025-09-17T00:04:32","slug":"robe-maryland-green-bellepiece-50","status":"publish","type":"product","link":"https:\/\/streetmarkets.fr\/app\/produit\/robe-maryland-green-bellepiece-50\/","title":{"rendered":"BELLEPIECE Robe Maryland Green -50%"},"content":{"rendered":"<p class=\"\">Robe longue en coton viscose, coupe ample, manches 3\/4 boutonn\u00e9es, emmanchure large, ouverture sur le devant avec petits boutons. D\u00e9tail pliss\u00e9 sur le col et dans le dos. Deux poches lat\u00e9rales. Douce et fluide. Se porte avec ou sans la ceinture. <\/p>\n<p class=\"\">D\u00e9tail : 55% coton, 45% viscose<\/p>\n","protected":false},"excerpt":{"rendered":"<p>Robe longue en coton viscose, coupe ample, manches 3\/4 boutonn\u00e9es, emmanchure large, ouverture sur le devant avec petits boutons. D\u00e9tail pliss\u00e9 sur le col et dans le dos. Deux poches lat\u00e9rales. Douce et fluide. Se porte avec ou sans la ceinture. D\u00e9tail : 55% coton, 45% viscose<\/p>\n","protected":false},"featured_media":707925,"comment_status":"open","ping_status":"closed","template":"","meta":[],"product_brand":[],"product_cat":[1756,1762],"product_tag":[2244],"acf":[],"_links":{"self":[{"href":"https:\/\/streetmarkets.fr\/app\/wp-json\/wp\/v2\/product\/707924"}],"collection":[{"href":"https:\/\/streetmarkets.fr\/app\/wp-json\/wp\/v2\/product"}],"about":[{"href":"https:\/\/streetmarkets.fr\/app\/wp-json\/wp\/v2\/types\/product"}],"replies":[{"embeddable":true,"href":"https:\/\/streetmarkets.fr\/app\/wp-json\/wp\/v2\/comments?post=707924"}],"wp:featuredmedia":[{"embeddable":true,"href":"https:\/\/streetmarkets.fr\/app\/wp-json\/wp\/v2\/media\/707925"}],"wp:attachment":[{"href":"https:\/\/streetmarkets.fr\/app\/wp-json\/wp\/v2\/media?parent=707924"}],"wp:term":[{"taxonomy":"product_brand","embeddable":true,"href":"https:\/\/streetmarkets.fr\/app\/wp-json\/wp\/v2\/product_brand?post=707924"},{"taxonomy":"product_cat","embeddable":true,"href":"https:\/\/streetmarkets.fr\/app\/wp-json\/wp\/v2\/product_cat?post=707924"},{"taxonomy":"product_tag","embeddable":true,"href":"https:\/\/streetmarkets.fr\/app\/wp-json\/wp\/v2\/product_tag?post=707924"}],"curies":[{"name":"wp","href":"https:\/\/api.w.org\/{rel}","templated":true}]}}