{"id":707916,"date":"2024-10-15T16:42:25","date_gmt":"2024-10-15T14:42:25","guid":{"rendered":"https:\/\/streetmarkets.fr\/app\/produit\/blouse-eddie-black-bellepiece-40\/"},"modified":"2024-12-18T01:01:18","modified_gmt":"2024-12-18T00:01:18","slug":"blouse-eddie-black-bellepiece-40","status":"publish","type":"product","link":"https:\/\/streetmarkets.fr\/app\/produit\/blouse-eddie-black-bellepiece-40\/","title":{"rendered":"BELLEPIECE Blouse Eddie Black -40%"},"content":{"rendered":"<p class=\"\">Blouse coupe ample, \u00e0 motif floral, et broderies anglaises manches longues et poignets resserr\u00e9s, ouverture sur toute la hauteur devant avec petits boutons, d\u00e9tail pliss\u00e9 avec volants sur le devant et le dos.<\/p>\n<p class=\"\">D\u00e9tail : 80% coton, 20% soie<\/p>\n","protected":false},"excerpt":{"rendered":"<p>Blouse coupe ample, \u00e0 motif floral, et broderies anglaises manches longues et poignets resserr\u00e9s, ouverture sur toute la hauteur devant avec petits boutons, d\u00e9tail pliss\u00e9 avec volants sur le devant et le dos. D\u00e9tail : 80% coton, 20% soie<\/p>\n","protected":false},"featured_media":707917,"comment_status":"open","ping_status":"closed","template":"","meta":[],"product_brand":[],"product_cat":[1756,1762],"product_tag":[2244],"acf":[],"_links":{"self":[{"href":"https:\/\/streetmarkets.fr\/app\/wp-json\/wp\/v2\/product\/707916"}],"collection":[{"href":"https:\/\/streetmarkets.fr\/app\/wp-json\/wp\/v2\/product"}],"about":[{"href":"https:\/\/streetmarkets.fr\/app\/wp-json\/wp\/v2\/types\/product"}],"replies":[{"embeddable":true,"href":"https:\/\/streetmarkets.fr\/app\/wp-json\/wp\/v2\/comments?post=707916"}],"wp:featuredmedia":[{"embeddable":true,"href":"https:\/\/streetmarkets.fr\/app\/wp-json\/wp\/v2\/media\/707917"}],"wp:attachment":[{"href":"https:\/\/streetmarkets.fr\/app\/wp-json\/wp\/v2\/media?parent=707916"}],"wp:term":[{"taxonomy":"product_brand","embeddable":true,"href":"https:\/\/streetmarkets.fr\/app\/wp-json\/wp\/v2\/product_brand?post=707916"},{"taxonomy":"product_cat","embeddable":true,"href":"https:\/\/streetmarkets.fr\/app\/wp-json\/wp\/v2\/product_cat?post=707916"},{"taxonomy":"product_tag","embeddable":true,"href":"https:\/\/streetmarkets.fr\/app\/wp-json\/wp\/v2\/product_tag?post=707916"}],"curies":[{"name":"wp","href":"https:\/\/api.w.org\/{rel}","templated":true}]}}