{"id":707909,"date":"2024-10-15T16:42:24","date_gmt":"2024-10-15T14:42:24","guid":{"rendered":"https:\/\/streetmarkets.fr\/app\/produit\/robe-dorisse-bb-beige-sand-bellepiece-40\/"},"modified":"2025-09-17T02:04:32","modified_gmt":"2025-09-17T00:04:32","slug":"robe-dorisse-bb-beige-sand-bellepiece-40","status":"publish","type":"product","link":"https:\/\/streetmarkets.fr\/app\/produit\/robe-dorisse-bb-beige-sand-bellepiece-40\/","title":{"rendered":"BELLEPIECE Robe Dorisse BB Beige Sand -40%"},"content":{"rendered":"<p class=\"\">Robe en coton coupe ample, petits volants sur le devant et le dos, bretelles ajustable, deux poches lat\u00e9rales. Douce et fluide. Non doubl\u00e9e. \u00c9galement disponible dans la couleur Rose Nude.<\/p>\n<p class=\"\">D\u00e9tail : 80% coton, 20% viscose<\/p>\n","protected":false},"excerpt":{"rendered":"<p>Robe en coton coupe ample, petits volants sur le devant et le dos, bretelles ajustable, deux poches lat\u00e9rales. Douce et fluide. Non doubl\u00e9e. \u00c9galement disponible dans la couleur Rose Nude. D\u00e9tail : 80% coton, 20% viscose<\/p>\n","protected":false},"featured_media":707910,"comment_status":"open","ping_status":"closed","template":"","meta":[],"product_brand":[],"product_cat":[1756,1762],"product_tag":[2244],"acf":[],"_links":{"self":[{"href":"https:\/\/streetmarkets.fr\/app\/wp-json\/wp\/v2\/product\/707909"}],"collection":[{"href":"https:\/\/streetmarkets.fr\/app\/wp-json\/wp\/v2\/product"}],"about":[{"href":"https:\/\/streetmarkets.fr\/app\/wp-json\/wp\/v2\/types\/product"}],"replies":[{"embeddable":true,"href":"https:\/\/streetmarkets.fr\/app\/wp-json\/wp\/v2\/comments?post=707909"}],"wp:featuredmedia":[{"embeddable":true,"href":"https:\/\/streetmarkets.fr\/app\/wp-json\/wp\/v2\/media\/707910"}],"wp:attachment":[{"href":"https:\/\/streetmarkets.fr\/app\/wp-json\/wp\/v2\/media?parent=707909"}],"wp:term":[{"taxonomy":"product_brand","embeddable":true,"href":"https:\/\/streetmarkets.fr\/app\/wp-json\/wp\/v2\/product_brand?post=707909"},{"taxonomy":"product_cat","embeddable":true,"href":"https:\/\/streetmarkets.fr\/app\/wp-json\/wp\/v2\/product_cat?post=707909"},{"taxonomy":"product_tag","embeddable":true,"href":"https:\/\/streetmarkets.fr\/app\/wp-json\/wp\/v2\/product_tag?post=707909"}],"curies":[{"name":"wp","href":"https:\/\/api.w.org\/{rel}","templated":true}]}}