{"id":707900,"date":"2024-10-15T16:42:23","date_gmt":"2024-10-15T14:42:23","guid":{"rendered":"https:\/\/streetmarkets.fr\/app\/produit\/blouse-bali-black-print-bellepiece-50\/"},"modified":"2025-02-26T01:01:21","modified_gmt":"2025-02-26T00:01:21","slug":"blouse-bali-black-print-bellepiece-50","status":"publish","type":"product","link":"https:\/\/streetmarkets.fr\/app\/produit\/blouse-bali-black-print-bellepiece-50\/","title":{"rendered":"BELLEPIECE Blouse Bali Black Print -50%"},"content":{"rendered":"<p class=\"\">Blouse en coton \u00e0 motif floral, coupe ample, manches longues, ouverture devant avec petit lien \u00e0 nouer, d\u00e9tail de volants sur les \u00e9paules, douce et l\u00e9g\u00e8re. <\/p>\n<p class=\"\">D\u00e9tail : 100% coton <\/p>\n","protected":false},"excerpt":{"rendered":"<p>Blouse en coton \u00e0 motif floral, coupe ample, manches longues, ouverture devant avec petit lien \u00e0 nouer, d\u00e9tail de volants sur les \u00e9paules, douce et l\u00e9g\u00e8re. D\u00e9tail : 100% coton<\/p>\n","protected":false},"featured_media":707901,"comment_status":"open","ping_status":"closed","template":"","meta":[],"product_brand":[],"product_cat":[1756,1762],"product_tag":[2244],"acf":[],"_links":{"self":[{"href":"https:\/\/streetmarkets.fr\/app\/wp-json\/wp\/v2\/product\/707900"}],"collection":[{"href":"https:\/\/streetmarkets.fr\/app\/wp-json\/wp\/v2\/product"}],"about":[{"href":"https:\/\/streetmarkets.fr\/app\/wp-json\/wp\/v2\/types\/product"}],"replies":[{"embeddable":true,"href":"https:\/\/streetmarkets.fr\/app\/wp-json\/wp\/v2\/comments?post=707900"}],"wp:featuredmedia":[{"embeddable":true,"href":"https:\/\/streetmarkets.fr\/app\/wp-json\/wp\/v2\/media\/707901"}],"wp:attachment":[{"href":"https:\/\/streetmarkets.fr\/app\/wp-json\/wp\/v2\/media?parent=707900"}],"wp:term":[{"taxonomy":"product_brand","embeddable":true,"href":"https:\/\/streetmarkets.fr\/app\/wp-json\/wp\/v2\/product_brand?post=707900"},{"taxonomy":"product_cat","embeddable":true,"href":"https:\/\/streetmarkets.fr\/app\/wp-json\/wp\/v2\/product_cat?post=707900"},{"taxonomy":"product_tag","embeddable":true,"href":"https:\/\/streetmarkets.fr\/app\/wp-json\/wp\/v2\/product_tag?post=707900"}],"curies":[{"name":"wp","href":"https:\/\/api.w.org\/{rel}","templated":true}]}}